{"id":15872,"date":"2024-05-11T14:05:59","date_gmt":"2024-05-11T14:05:59","guid":{"rendered":"https:\/\/nordicceylon.fi\/?page_id=15872"},"modified":"2024-05-30T15:46:29","modified_gmt":"2024-05-30T15:46:29","slug":"ceylon-black-pepper","status":"publish","type":"page","link":"https:\/\/nordicceylon.fi\/sv\/ceylon-black-pepper\/","title":{"rendered":"Ceylon svartpeppar"},"content":{"rendered":"<div data-elementor-type=\"wp-page\" data-elementor-id=\"15872\" class=\"elementor elementor-15872\" data-elementor-post-type=\"page\">\n\t\t\t\t<div class=\"elementor-element elementor-element-4751789 wd-section-stretch-content e-flex e-con-boxed e-con e-parent\" data-id=\"4751789\" data-element_type=\"container\" data-settings=\"{&quot;background_background&quot;:&quot;classic&quot;}\" data-core-v316-plus=\"true\">\n\t\t\t\t\t<div class=\"e-con-inner\">\n\t\t\t\t<div class=\"elementor-element elementor-element-a0bb459 elementor-icon-list--layout-inline elementor-list-item-link-full_width elementor-widget elementor-widget-icon-list\" data-id=\"a0bb459\" data-element_type=\"widget\" data-widget_type=\"icon-list.default\">\n\t\t\t\t<div class=\"elementor-widget-container\">\n\t\t\t<link rel=\"stylesheet\" href=\"https:\/\/nordicceylon.fi\/wp-content\/uploads\/elementor\/css\/custom-widget-icon-list.min.css?ver=1723284272\">\t\t<ul class=\"elementor-icon-list-items elementor-inline-items\">\n\t\t\t\t\t\t\t<li class=\"elementor-icon-list-item elementor-inline-item\">\n\t\t\t\t\t\t\t\t\t\t\t<span class=\"elementor-icon-list-icon\">\n\t\t\t\t\t\t\t<svg aria-hidden=\"true\" class=\"e-font-icon-svg e-fas-home\" viewbox=\"0 0 576 512\" xmlns=\"http:\/\/www.w3.org\/2000\/svg\"><path d=\"M280.37 148.26L96 300.11V464a16 16 0 0 0 16 16l112.06-.29a16 16 0 0 0 15.92-16V368a16 16 0 0 1 16-16h64a16 16 0 0 1 16 16v95.64a16 16 0 0 0 16 16.05L464 480a16 16 0 0 0 16-16V300L295.67 148.26a12.19 12.19 0 0 0-15.3 0zM571.6 251.47L488 182.56V44.05a12 12 0 0 0-12-12h-56a12 12 0 0 0-12 12v72.61L318.47 43a48 48 0 0 0-61 0L4.34 251.47a12 12 0 0 0-1.6 16.9l25.5 31A12 12 0 0 0 45.15 301l235.22-193.74a12.19 12.19 0 0 1 15.3 0L530.9 301a12 12 0 0 0 16.9-1.6l25.5-31a12 12 0 0 0-1.7-16.93z\"><\/path><\/svg>\t\t\t\t\t\t<\/span>\n\t\t\t\t\t\t\t\t\t\t<span class=\"elementor-icon-list-text\">Hem<\/span>\n\t\t\t\t\t\t\t\t\t<\/li>\n\t\t\t\t\t\t\t\t<li class=\"elementor-icon-list-item elementor-inline-item\">\n\t\t\t\t\t\t\t\t\t\t\t<span class=\"elementor-icon-list-icon\">\n\t\t\t\t\t\t\t<i aria-hidden=\"true\" class=\"icon icon-right-arrow1\"><\/i>\t\t\t\t\t\t<\/span>\n\t\t\t\t\t\t\t\t\t\t<span class=\"elementor-icon-list-text\"><\/span>\n\t\t\t\t\t\t\t\t\t<\/li>\n\t\t\t\t\t\t<\/ul>\n\t\t\t\t<\/div>\n\t\t\t\t<\/div>\n\t\t\t\t\t<\/div>\n\t\t\t\t<\/div>\n\t\t<div class=\"elementor-element elementor-element-e3c7128 e-con-full wd-section-stretch e-flex e-con e-parent\" data-id=\"e3c7128\" data-element_type=\"container\" data-core-v316-plus=\"true\">\n\t\t<div class=\"elementor-element elementor-element-489f108 e-con-full e-flex e-con e-child\" data-id=\"489f108\" data-element_type=\"container\" data-settings=\"{&quot;background_background&quot;:&quot;classic&quot;}\">\n\t\t\t\t<div class=\"elementor-element elementor-element-cea1df9 elementor-widget elementor-widget-image\" data-id=\"cea1df9\" data-element_type=\"widget\" data-widget_type=\"image.default\">\n\t\t\t\t<div class=\"elementor-widget-container\">\n\t\t\t<style>\/*! elementor - v3.20.0 - 26-03-2024 *\/\n.elementor-widget-image{text-align:center}.elementor-widget-image a{display:inline-block}.elementor-widget-image a img[src$=\".svg\"]{width:48px}.elementor-widget-image img{vertical-align:middle;display:inline-block}<\/style>\t\t\t\t\t\t\t\t\t\t<img fetchpriority=\"high\" decoding=\"async\" width=\"800\" height=\"800\" src=\"https:\/\/nordicceylon.fi\/wp-content\/uploads\/2024\/05\/8658-1-800x800.jpg\" class=\"attachment-large size-large wp-image-16660\" alt=\"\" srcset=\"https:\/\/nordicceylon.fi\/wp-content\/uploads\/2024\/05\/8658-1-800x800.jpg 800w, https:\/\/nordicceylon.fi\/wp-content\/uploads\/2024\/05\/8658-1-300x300.jpg 300w, https:\/\/nordicceylon.fi\/wp-content\/uploads\/2024\/05\/8658-1-150x150.jpg 150w, https:\/\/nordicceylon.fi\/wp-content\/uploads\/2024\/05\/8658-1-768x768.jpg 768w, https:\/\/nordicceylon.fi\/wp-content\/uploads\/2024\/05\/8658-1-1536x1536.jpg 1536w, https:\/\/nordicceylon.fi\/wp-content\/uploads\/2024\/05\/8658-1-860x860.jpg 860w, https:\/\/nordicceylon.fi\/wp-content\/uploads\/2024\/05\/8658-1-430x430.jpg 430w, https:\/\/nordicceylon.fi\/wp-content\/uploads\/2024\/05\/8658-1-700x700.jpg 700w, https:\/\/nordicceylon.fi\/wp-content\/uploads\/2024\/05\/8658-1.jpg 2000w\" sizes=\"(max-width: 800px) 100vw, 800px\" \/>\t\t\t\t\t\t\t\t\t\t\t\t\t<\/div>\n\t\t\t\t<\/div>\n\t\t\t\t<div class=\"elementor-element elementor-element-eee9b07 elementor-widget elementor-widget-image\" data-id=\"eee9b07\" data-element_type=\"widget\" data-widget_type=\"image.default\">\n\t\t\t\t<div class=\"elementor-widget-container\">\n\t\t\t\t\t\t\t\t\t\t\t\t\t<img decoding=\"async\" width=\"426\" height=\"489\" src=\"https:\/\/nordicceylon.fi\/wp-content\/uploads\/2024\/05\/dres-1.png\" class=\"attachment-large size-large wp-image-17135\" alt=\"\" srcset=\"https:\/\/nordicceylon.fi\/wp-content\/uploads\/2024\/05\/dres-1.png 426w, https:\/\/nordicceylon.fi\/wp-content\/uploads\/2024\/05\/dres-1-261x300.png 261w, https:\/\/nordicceylon.fi\/wp-content\/uploads\/2024\/05\/dres-1-150x172.png 150w\" sizes=\"(max-width: 426px) 100vw, 426px\" \/>\t\t\t\t\t\t\t\t\t\t\t\t\t<\/div>\n\t\t\t\t<\/div>\n\t\t\t\t<\/div>\n\t\t<div class=\"elementor-element elementor-element-b162c46 e-con-full e-flex e-con e-child\" data-id=\"b162c46\" data-element_type=\"container\">\n\t\t\t\t<div class=\"elementor-element elementor-element-0925a4e elementor-widget elementor-widget-heading\" data-id=\"0925a4e\" data-element_type=\"widget\" data-widget_type=\"heading.default\">\n\t\t\t\t<div class=\"elementor-widget-container\">\n\t\t\t<style>\/*! elementor - v3.20.0 - 26-03-2024 *\/\n.elementor-heading-title{padding:0;margin:0;line-height:1}.elementor-widget-heading .elementor-heading-title[class*=elementor-size-]>a{color:inherit;font-size:inherit;line-height:inherit}.elementor-widget-heading .elementor-heading-title.elementor-size-small{font-size:15px}.elementor-widget-heading .elementor-heading-title.elementor-size-medium{font-size:19px}.elementor-widget-heading .elementor-heading-title.elementor-size-large{font-size:29px}.elementor-widget-heading .elementor-heading-title.elementor-size-xl{font-size:39px}.elementor-widget-heading .elementor-heading-title.elementor-size-xxl{font-size:59px}<\/style><h2 class=\"elementor-heading-title elementor-size-default\"><span style=\"color: #F1592A;\">Ceylon <\/span>Svartpeppar<\/h2>\t\t<\/div>\n\t\t\t\t<\/div>\n\t\t\t\t<div class=\"elementor-element elementor-element-162ccf5 color-scheme-inherit text-left elementor-widget elementor-widget-text-editor\" data-id=\"162ccf5\" data-element_type=\"widget\" data-widget_type=\"text-editor.default\">\n\t\t\t\t<div class=\"elementor-widget-container\">\n\t\t\t<style>\/*! elementor - v3.20.0 - 26-03-2024 *\/\n.elementor-widget-text-editor.elementor-drop-cap-view-stacked .elementor-drop-cap{background-color:#69727d;color:#fff}.elementor-widget-text-editor.elementor-drop-cap-view-framed .elementor-drop-cap{color:#69727d;border:3px solid;background-color:transparent}.elementor-widget-text-editor:not(.elementor-drop-cap-view-default) .elementor-drop-cap{margin-top:8px}.elementor-widget-text-editor:not(.elementor-drop-cap-view-default) .elementor-drop-cap-letter{width:1em;height:1em}.elementor-widget-text-editor .elementor-drop-cap{float:left;text-align:center;line-height:1;font-size:50px}.elementor-widget-text-editor .elementor-drop-cap-letter{display:inline-block}<\/style>\t\t\t\t<p>Svartpeppar, den mest konsumerade kryddan i v\u00e4rlden, tas fr\u00e5n b\u00e4ren (eller fr\u00e5n 'stenfrukterna') av v\u00e4xten Piper nigrum. Sri Lanka producerar och exporterar Ceylon svartpeppar \u00f6ver hela v\u00e4rlden.<\/p><p>Ceylonpeppar \u00e4r s\u00e4rskilt eftertraktad p\u00e5 den internationella marknaden eftersom den \u00e4r ganska rik p\u00e5 piperin, alkaloiden som ger den en distinkt sk\u00e4rpa p\u00e5 grund av sin terror. Som ett resultat f\u00e5r Ceylon-peppar fr\u00e5n Sri Lanka ett premiumpris p\u00e5 den internationella kryddmarknaden.<\/p><p>Smaken av srilankansk svartpeppar \u00e4r rikt aromatisk, med blommiga och citrusaktiga toner, samtidigt som den beh\u00e5ller en stark sk\u00e4rpa. Beroende p\u00e5 sk\u00f6rdetidpunkt och efter sk\u00f6rdef\u00f6rfarande kan det finnas olika typer av peppar: gr\u00f6npeppar, svartpeppar, r\u00f6dpeppar och vitpeppar. F\u00f6r svartpeppar plockas Piper nigrum-b\u00e4ren n\u00e4r de \u00e4r gr\u00f6na och n\u00e5got omogna, sedan blancheras de och torkas i solen. Detta g\u00f6r den mycket rik p\u00e5 eterisk olja. Den svarta f\u00e4rgen beror p\u00e5 den oxidation som sker under torkningen.<\/p><p>Idag har rent peppar av srilankanskt ursprung en stor internationell efterfr\u00e5gan, och k\u00f6pare \u00e4r mer intresserade av att uppt\u00e4cka kryddor som kommer fr\u00e5n ett specifikt \"terroir\" precis som viner. Ceylonpeppar exporteras huvudsakligen till Indien, Tyskland och USA och har en v\u00e4xande efterfr\u00e5gan fr\u00e5n Australien och Kanada.<\/p>\t\t\t\t\t\t<\/div>\n\t\t\t\t<\/div>\n\t\t\t\t<\/div>\n\t\t\t\t<\/div>\n\t\t<div class=\"elementor-element elementor-element-8246bb9 e-con-full wd-section-stretch e-flex e-con e-parent\" data-id=\"8246bb9\" data-element_type=\"container\" data-core-v316-plus=\"true\">\n\t\t<div class=\"elementor-element elementor-element-1194b6e e-con-full e-flex e-con e-child\" data-id=\"1194b6e\" data-element_type=\"container\" data-settings=\"{&quot;background_background&quot;:&quot;classic&quot;}\">\n\t\t\t\t<div class=\"elementor-element elementor-element-0ab5513 elementor-widget elementor-widget-image\" data-id=\"0ab5513\" data-element_type=\"widget\" data-widget_type=\"image.default\">\n\t\t\t\t<div class=\"elementor-widget-container\">\n\t\t\t\t\t\t\t\t\t\t\t\t\t<img decoding=\"async\" width=\"1200\" height=\"800\" src=\"https:\/\/nordicceylon.fi\/wp-content\/uploads\/2024\/05\/216-1-1200x800.jpg\" class=\"attachment-large size-large wp-image-16661\" alt=\"\" srcset=\"https:\/\/nordicceylon.fi\/wp-content\/uploads\/2024\/05\/216-1-1200x800.jpg 1200w, https:\/\/nordicceylon.fi\/wp-content\/uploads\/2024\/05\/216-1-400x267.jpg 400w, https:\/\/nordicceylon.fi\/wp-content\/uploads\/2024\/05\/216-1-768x512.jpg 768w, https:\/\/nordicceylon.fi\/wp-content\/uploads\/2024\/05\/216-1-1536x1024.jpg 1536w, https:\/\/nordicceylon.fi\/wp-content\/uploads\/2024\/05\/216-1-860x573.jpg 860w, https:\/\/nordicceylon.fi\/wp-content\/uploads\/2024\/05\/216-1-430x287.jpg 430w, https:\/\/nordicceylon.fi\/wp-content\/uploads\/2024\/05\/216-1-700x467.jpg 700w, https:\/\/nordicceylon.fi\/wp-content\/uploads\/2024\/05\/216-1-150x100.jpg 150w, https:\/\/nordicceylon.fi\/wp-content\/uploads\/2024\/05\/216-1.jpg 2000w\" sizes=\"(max-width: 1200px) 100vw, 1200px\" \/>\t\t\t\t\t\t\t\t\t\t\t\t\t<\/div>\n\t\t\t\t<\/div>\n\t\t\t\t<div class=\"elementor-element elementor-element-9fb47db elementor-widget elementor-widget-image\" data-id=\"9fb47db\" data-element_type=\"widget\" data-widget_type=\"image.default\">\n\t\t\t\t<div class=\"elementor-widget-container\">\n\t\t\t\t\t\t\t\t\t\t\t\t\t<img decoding=\"async\" width=\"426\" height=\"489\" src=\"https:\/\/nordicceylon.fi\/wp-content\/uploads\/2024\/05\/dres-1.png\" class=\"attachment-large size-large wp-image-17135\" alt=\"\" srcset=\"https:\/\/nordicceylon.fi\/wp-content\/uploads\/2024\/05\/dres-1.png 426w, https:\/\/nordicceylon.fi\/wp-content\/uploads\/2024\/05\/dres-1-261x300.png 261w, https:\/\/nordicceylon.fi\/wp-content\/uploads\/2024\/05\/dres-1-150x172.png 150w\" sizes=\"(max-width: 426px) 100vw, 426px\" \/>\t\t\t\t\t\t\t\t\t\t\t\t\t<\/div>\n\t\t\t\t<\/div>\n\t\t\t\t<\/div>\n\t\t<div class=\"elementor-element elementor-element-3e74084 e-con-full e-flex e-con e-child\" data-id=\"3e74084\" data-element_type=\"container\">\n\t\t\t\t<div class=\"elementor-element elementor-element-00c4f06 elementor-widget elementor-widget-heading\" data-id=\"00c4f06\" data-element_type=\"widget\" data-widget_type=\"heading.default\">\n\t\t\t\t<div class=\"elementor-widget-container\">\n\t\t\t<h2 class=\"elementor-heading-title elementor-size-default\"><span style=\"color: #F1592A;\"> Anv\u00e4ndning av   <\/span>Svartpeppar <\/h2>\t\t<\/div>\n\t\t\t\t<\/div>\n\t\t\t\t<div class=\"elementor-element elementor-element-6249f6b color-scheme-inherit text-left elementor-widget elementor-widget-text-editor\" data-id=\"6249f6b\" data-element_type=\"widget\" data-widget_type=\"text-editor.default\">\n\t\t\t\t<div class=\"elementor-widget-container\">\n\t\t\t\t\t\t\t<p>Svartpeppar hj\u00e4lper till med viktminskning genom att d\u00e4mpa aptiten och f\u00f6rhindra bildandet av fettceller. N\u00e4rvaron av fyton\u00e4rings\u00e4mnen st\u00f6der detta syfte. Rik p\u00e5 antioxidanter och den aktiva ingrediensen piperin*, initierar svartpeppar borttagning av fria radikaler som hj\u00e4lper kemoprevention och kontrollerar eventuell tum\u00f6rtillv\u00e4xt och f\u00f6rhindrar tillv\u00e4xten av cancerceller. Enligt en studie utf\u00f6rd av University of Michigan. I cellstudier har piperin, den naturliga kemikalien som finns i peppar, visat antiinflammatoriska, antioxidanta och anticanceraktiviteter.<\/p><p>Piperin i svartpeppar hj\u00e4lper till att stabilisera glukosniv\u00e5n i blodet genom att f\u00f6rb\u00e4ttra dess \u00e4mnesoms\u00e4ttning. De antiinflammatoriska egenskaperna som finns i svartpeppar har f\u00f6rm\u00e5gan att minska f\u00f6rekomsten av tandk\u00f6ttsinfektioner och oroliga infektioner. Svartpeppar s\u00e4nker niv\u00e5erna av LDL-kolesterol och \u00f6kar HDL-kolesterol, vilket \u00e4r bra f\u00f6r m\u00e4nniskokroppen. Genom att hj\u00e4lpa till att s\u00e4nka det d\u00e5liga kolesterolet minskar svartpeppar risken f\u00f6r hj\u00e4rtsjukdomar.<\/p><p>Svartpeppar \u00e4r ett naturligt antidepressivt medel. Piperin minskar niv\u00e5erna av oxidativ stress och skyddar hj\u00e4rnceller fr\u00e5n skador. Det h\u00e4mmar ocks\u00e5 fris\u00e4ttningen av monoaminoxidas, som \u00e4r ansvarigt f\u00f6r depression, samtidigt som det inducerar fris\u00e4ttningen av lyckohormonerna serotonin och dopamin.<\/p><p>Piperin minskar risken f\u00f6r degenerativa hj\u00e4rnsjukdomar som Parkinsons och Alzheimers sjukdom.\u00a0<\/p>\t\t\t\t\t\t<\/div>\n\t\t\t\t<\/div>\n\t\t\t\t<\/div>\n\t\t\t\t<\/div>\n\t\t<div class=\"elementor-element elementor-element-bee4128 e-con-full wd-section-stretch e-flex e-con e-parent\" data-id=\"bee4128\" data-element_type=\"container\" data-core-v316-plus=\"true\">\n\t\t<div class=\"elementor-element elementor-element-6730f90 e-con-full e-flex e-con e-child\" data-id=\"6730f90\" data-element_type=\"container\" data-settings=\"{&quot;background_background&quot;:&quot;classic&quot;}\">\n\t\t\t\t<div class=\"elementor-element elementor-element-dd0d860 elementor-widget elementor-widget-heading\" data-id=\"dd0d860\" data-element_type=\"widget\" data-widget_type=\"heading.default\">\n\t\t\t\t<div class=\"elementor-widget-container\">\n\t\t\t<h2 class=\"elementor-heading-title elementor-size-default\"><a href=\"https:\/\/nordicceylon.fi\/index.php\/ceylon-cinnamon\/\">Ceylon-kanel<\/a><\/h2>\t\t<\/div>\n\t\t\t\t<\/div>\n\t\t\t\t<\/div>\n\t\t<div class=\"elementor-element elementor-element-10213d5 e-con-full e-flex e-con e-child\" data-id=\"10213d5\" data-element_type=\"container\" data-settings=\"{&quot;background_background&quot;:&quot;classic&quot;}\">\n\t\t\t\t<div class=\"elementor-element elementor-element-0367579 elementor-widget elementor-widget-heading\" data-id=\"0367579\" data-element_type=\"widget\" data-widget_type=\"heading.default\">\n\t\t\t\t<div class=\"elementor-widget-container\">\n\t\t\t<h2 class=\"elementor-heading-title elementor-size-default\"><a href=\"https:\/\/nordicceylon.fi\/index.php\/ceylon-tea\/\">Ceylon-tea<\/a><\/h2>\t\t<\/div>\n\t\t\t\t<\/div>\n\t\t\t\t<\/div>\n\t\t<div class=\"elementor-element elementor-element-21f4866 e-con-full e-flex e-con e-child\" data-id=\"21f4866\" data-element_type=\"container\" data-settings=\"{&quot;background_background&quot;:&quot;classic&quot;}\">\n\t\t\t\t<div class=\"elementor-element elementor-element-bbaa913 elementor-widget elementor-widget-heading\" data-id=\"bbaa913\" data-element_type=\"widget\" data-widget_type=\"heading.default\">\n\t\t\t\t<div class=\"elementor-widget-container\">\n\t\t\t<h2 class=\"elementor-heading-title elementor-size-default\"><a href=\"https:\/\/nordicceylon.fi\/index.php\/ceylon-black-pepper\/\">Ceylon svartpeppar<\/a><\/h2>\t\t<\/div>\n\t\t\t\t<\/div>\n\t\t\t\t<\/div>\n\t\t\t\t<\/div>\n\t\t\t\t<\/div>","protected":false},"excerpt":{"rendered":"<p>Home Ceylon Black Pepper Black Pepper, the most consumed spice in the world, is taken from the berries (or from<\/p>","protected":false},"author":1,"featured_media":0,"parent":0,"menu_order":0,"comment_status":"closed","ping_status":"closed","template":"elementor_header_footer","meta":{"footnotes":""},"_links":{"self":[{"href":"https:\/\/nordicceylon.fi\/sv\/wp-json\/wp\/v2\/pages\/15872"}],"collection":[{"href":"https:\/\/nordicceylon.fi\/sv\/wp-json\/wp\/v2\/pages"}],"about":[{"href":"https:\/\/nordicceylon.fi\/sv\/wp-json\/wp\/v2\/types\/page"}],"author":[{"embeddable":true,"href":"https:\/\/nordicceylon.fi\/sv\/wp-json\/wp\/v2\/users\/1"}],"replies":[{"embeddable":true,"href":"https:\/\/nordicceylon.fi\/sv\/wp-json\/wp\/v2\/comments?post=15872"}],"version-history":[{"count":61,"href":"https:\/\/nordicceylon.fi\/sv\/wp-json\/wp\/v2\/pages\/15872\/revisions"}],"predecessor-version":[{"id":17144,"href":"https:\/\/nordicceylon.fi\/sv\/wp-json\/wp\/v2\/pages\/15872\/revisions\/17144"}],"wp:attachment":[{"href":"https:\/\/nordicceylon.fi\/sv\/wp-json\/wp\/v2\/media?parent=15872"}],"curies":[{"name":"wp","href":"https:\/\/api.w.org\/{rel}","templated":true}]}}