{"id":15871,"date":"2024-05-11T14:05:54","date_gmt":"2024-05-11T14:05:54","guid":{"rendered":"https:\/\/nordicceylon.fi\/?page_id=15871"},"modified":"2024-05-30T15:42:48","modified_gmt":"2024-05-30T15:42:48","slug":"ceylon-tea","status":"publish","type":"page","link":"https:\/\/nordicceylon.fi\/sv\/ceylon-tea\/","title":{"rendered":"Ceylon-tea"},"content":{"rendered":"<div data-elementor-type=\"wp-page\" data-elementor-id=\"15871\" class=\"elementor elementor-15871\" data-elementor-post-type=\"page\">\n\t\t\t\t<div class=\"elementor-element elementor-element-863cf02 wd-section-stretch-content e-flex e-con-boxed e-con e-parent\" data-id=\"863cf02\" data-element_type=\"container\" data-settings=\"{&quot;background_background&quot;:&quot;classic&quot;}\" data-core-v316-plus=\"true\">\n\t\t\t\t\t<div class=\"e-con-inner\">\n\t\t\t\t<div class=\"elementor-element elementor-element-ebba3dd elementor-icon-list--layout-inline elementor-list-item-link-full_width elementor-widget elementor-widget-icon-list\" data-id=\"ebba3dd\" data-element_type=\"widget\" data-widget_type=\"icon-list.default\">\n\t\t\t\t<div class=\"elementor-widget-container\">\n\t\t\t<link rel=\"stylesheet\" href=\"https:\/\/nordicceylon.fi\/wp-content\/uploads\/elementor\/css\/custom-widget-icon-list.min.css?ver=1723284272\">\t\t<ul class=\"elementor-icon-list-items elementor-inline-items\">\n\t\t\t\t\t\t\t<li class=\"elementor-icon-list-item elementor-inline-item\">\n\t\t\t\t\t\t\t\t\t\t\t<span class=\"elementor-icon-list-icon\">\n\t\t\t\t\t\t\t<svg aria-hidden=\"true\" class=\"e-font-icon-svg e-fas-home\" viewbox=\"0 0 576 512\" xmlns=\"http:\/\/www.w3.org\/2000\/svg\"><path d=\"M280.37 148.26L96 300.11V464a16 16 0 0 0 16 16l112.06-.29a16 16 0 0 0 15.92-16V368a16 16 0 0 1 16-16h64a16 16 0 0 1 16 16v95.64a16 16 0 0 0 16 16.05L464 480a16 16 0 0 0 16-16V300L295.67 148.26a12.19 12.19 0 0 0-15.3 0zM571.6 251.47L488 182.56V44.05a12 12 0 0 0-12-12h-56a12 12 0 0 0-12 12v72.61L318.47 43a48 48 0 0 0-61 0L4.34 251.47a12 12 0 0 0-1.6 16.9l25.5 31A12 12 0 0 0 45.15 301l235.22-193.74a12.19 12.19 0 0 1 15.3 0L530.9 301a12 12 0 0 0 16.9-1.6l25.5-31a12 12 0 0 0-1.7-16.93z\"><\/path><\/svg>\t\t\t\t\t\t<\/span>\n\t\t\t\t\t\t\t\t\t\t<span class=\"elementor-icon-list-text\">Hem<\/span>\n\t\t\t\t\t\t\t\t\t<\/li>\n\t\t\t\t\t\t\t\t<li class=\"elementor-icon-list-item elementor-inline-item\">\n\t\t\t\t\t\t\t\t\t\t\t<span class=\"elementor-icon-list-icon\">\n\t\t\t\t\t\t\t<i aria-hidden=\"true\" class=\"icon icon-right-arrow1\"><\/i>\t\t\t\t\t\t<\/span>\n\t\t\t\t\t\t\t\t\t\t<span class=\"elementor-icon-list-text\"><\/span>\n\t\t\t\t\t\t\t\t\t<\/li>\n\t\t\t\t\t\t<\/ul>\n\t\t\t\t<\/div>\n\t\t\t\t<\/div>\n\t\t\t\t\t<\/div>\n\t\t\t\t<\/div>\n\t\t<div class=\"elementor-element elementor-element-ff2eea8 e-con-full wd-section-stretch e-flex e-con e-parent\" data-id=\"ff2eea8\" data-element_type=\"container\" data-core-v316-plus=\"true\">\n\t\t<div class=\"elementor-element elementor-element-9ec305a e-con-full e-flex e-con e-child\" data-id=\"9ec305a\" data-element_type=\"container\" data-settings=\"{&quot;background_background&quot;:&quot;classic&quot;}\">\n\t\t\t\t<div class=\"elementor-element elementor-element-cb34015 elementor-widget elementor-widget-image\" data-id=\"cb34015\" data-element_type=\"widget\" data-widget_type=\"image.default\">\n\t\t\t\t<div class=\"elementor-widget-container\">\n\t\t\t<style>\/*! elementor - v3.20.0 - 26-03-2024 *\/\n.elementor-widget-image{text-align:center}.elementor-widget-image a{display:inline-block}.elementor-widget-image a img[src$=\".svg\"]{width:48px}.elementor-widget-image img{vertical-align:middle;display:inline-block}<\/style>\t\t\t\t\t\t\t\t\t\t<img decoding=\"async\" width=\"220\" height=\"162\" src=\"https:\/\/nordicceylon.fi\/wp-content\/uploads\/2024\/05\/download-4.png\" class=\"attachment-large size-large wp-image-16622\" alt=\"\" srcset=\"https:\/\/nordicceylon.fi\/wp-content\/uploads\/2024\/05\/download-4.png 220w, https:\/\/nordicceylon.fi\/wp-content\/uploads\/2024\/05\/download-4-150x110.png 150w\" sizes=\"(max-width: 220px) 100vw, 220px\" \/>\t\t\t\t\t\t\t\t\t\t\t\t\t<\/div>\n\t\t\t\t<\/div>\n\t\t\t\t<div class=\"elementor-element elementor-element-b0a49dc elementor-widget elementor-widget-image\" data-id=\"b0a49dc\" data-element_type=\"widget\" data-widget_type=\"image.default\">\n\t\t\t\t<div class=\"elementor-widget-container\">\n\t\t\t\t\t\t\t\t\t\t\t\t\t<img fetchpriority=\"high\" decoding=\"async\" width=\"550\" height=\"419\" src=\"https:\/\/nordicceylon.fi\/wp-content\/uploads\/2024\/05\/Tea-Processing-in-Sri-Lanka-1-1-1.jpg\" class=\"attachment-large size-large wp-image-16623\" alt=\"\" srcset=\"https:\/\/nordicceylon.fi\/wp-content\/uploads\/2024\/05\/Tea-Processing-in-Sri-Lanka-1-1-1.jpg 550w, https:\/\/nordicceylon.fi\/wp-content\/uploads\/2024\/05\/Tea-Processing-in-Sri-Lanka-1-1-1-394x300.jpg 394w, https:\/\/nordicceylon.fi\/wp-content\/uploads\/2024\/05\/Tea-Processing-in-Sri-Lanka-1-1-1-430x328.jpg 430w, https:\/\/nordicceylon.fi\/wp-content\/uploads\/2024\/05\/Tea-Processing-in-Sri-Lanka-1-1-1-150x114.jpg 150w\" sizes=\"(max-width: 550px) 100vw, 550px\" \/>\t\t\t\t\t\t\t\t\t\t\t\t\t<\/div>\n\t\t\t\t<\/div>\n\t\t\t\t<\/div>\n\t\t<div class=\"elementor-element elementor-element-d914414 e-con-full e-flex e-con e-child\" data-id=\"d914414\" data-element_type=\"container\">\n\t\t\t\t<div class=\"elementor-element elementor-element-9fa72be elementor-widget elementor-widget-heading\" data-id=\"9fa72be\" data-element_type=\"widget\" data-widget_type=\"heading.default\">\n\t\t\t\t<div class=\"elementor-widget-container\">\n\t\t\t<style>\/*! elementor - v3.20.0 - 26-03-2024 *\/\n.elementor-heading-title{padding:0;margin:0;line-height:1}.elementor-widget-heading .elementor-heading-title[class*=elementor-size-]>a{color:inherit;font-size:inherit;line-height:inherit}.elementor-widget-heading .elementor-heading-title.elementor-size-small{font-size:15px}.elementor-widget-heading .elementor-heading-title.elementor-size-medium{font-size:19px}.elementor-widget-heading .elementor-heading-title.elementor-size-large{font-size:29px}.elementor-widget-heading .elementor-heading-title.elementor-size-xl{font-size:39px}.elementor-widget-heading .elementor-heading-title.elementor-size-xxl{font-size:59px}<\/style><h2 class=\"elementor-heading-title elementor-size-default\"><span style=\"color: #F1592A;\">Ceylon-tea<\/h2>\t\t<\/div>\n\t\t\t\t<\/div>\n\t\t\t\t<div class=\"elementor-element elementor-element-6d763fa color-scheme-inherit text-left elementor-widget elementor-widget-text-editor\" data-id=\"6d763fa\" data-element_type=\"widget\" data-widget_type=\"text-editor.default\">\n\t\t\t\t<div class=\"elementor-widget-container\">\n\t\t\t<style>\/*! elementor - v3.20.0 - 26-03-2024 *\/\n.elementor-widget-text-editor.elementor-drop-cap-view-stacked .elementor-drop-cap{background-color:#69727d;color:#fff}.elementor-widget-text-editor.elementor-drop-cap-view-framed .elementor-drop-cap{color:#69727d;border:3px solid;background-color:transparent}.elementor-widget-text-editor:not(.elementor-drop-cap-view-default) .elementor-drop-cap{margin-top:8px}.elementor-widget-text-editor:not(.elementor-drop-cap-view-default) .elementor-drop-cap-letter{width:1em;height:1em}.elementor-widget-text-editor .elementor-drop-cap{float:left;text-align:center;line-height:1;font-size:50px}.elementor-widget-text-editor .elementor-drop-cap-letter{display:inline-block}<\/style>\t\t\t\t<p>Under mer \u00e4n hundrafemtio \u00e5r hade namnet Ceylon blivit synonymt med v\u00e4rldens finaste te. I v\u00e4rldens \u00f6gon och tungor var Ceylon te och te var Ceylon.<\/p><p>Vad Rolls Royce \u00e4r f\u00f6r bilar, \u00e4r Rolex f\u00f6r klockor, Havana f\u00f6r cigarrer och Skottland f\u00f6r whisky; \u00e4r Ceylon f\u00f6r te.<\/p><p>Den legendariska lejonet fr\u00e5n Sri Lankas flagga introducerades i Ceylon Tea-logotypen f\u00f6r att bevaka detta \u00e5tagande \u2013 kvalitetsymbolen.<\/p>\t\t\t\t\t\t<\/div>\n\t\t\t\t<\/div>\n\t\t\t\t<\/div>\n\t\t\t\t<\/div>\n\t\t<div class=\"elementor-element elementor-element-cb8e1f3 e-con-full wd-section-stretch e-flex e-con e-parent\" data-id=\"cb8e1f3\" data-element_type=\"container\" data-core-v316-plus=\"true\">\n\t\t<div class=\"elementor-element elementor-element-01c6e50 e-con-full e-flex e-con e-child\" data-id=\"01c6e50\" data-element_type=\"container\">\n\t\t\t\t<div class=\"elementor-element elementor-element-64665c5 elementor-widget elementor-widget-heading\" data-id=\"64665c5\" data-element_type=\"widget\" data-widget_type=\"heading.default\">\n\t\t\t\t<div class=\"elementor-widget-container\">\n\t\t\t<h2 class=\"elementor-heading-title elementor-size-default\">Historia <\/h2>\t\t<\/div>\n\t\t\t\t<\/div>\n\t\t\t\t<div class=\"elementor-element elementor-element-9471c3e color-scheme-inherit text-left elementor-widget elementor-widget-text-editor\" data-id=\"9471c3e\" data-element_type=\"widget\" data-widget_type=\"text-editor.default\">\n\t\t\t\t<div class=\"elementor-widget-container\">\n\t\t\t\t\t\t\t<p>James Taylor anl\u00e4nde till Ceylon 1852 och bosatte sig p\u00e5 Loolecondera Estate i Galaha. Han b\u00f6rjar en 19 tunnland stor teplantage p\u00e5 Loolecondera Estate 1867, vilket l\u00e4gger grunden f\u00f6r vad som skulle bli Sri Lankas st\u00f6rsta exportindustri i \u00f6ver ett sekel.<\/p><p>\u00c5r 1872 b\u00f6rjade en fullt utrustad tefabrik att verka p\u00e5 Loolecondera Estate.<\/p><p>\u00c5r 1873 gjorde Ceylon-te sitt internationella debut n\u00e4r tjugotre pund te producerat av James Taylor n\u00e5dde London.<\/p>\t\t\t\t\t\t<\/div>\n\t\t\t\t<\/div>\n\t\t\t\t<\/div>\n\t\t<div class=\"elementor-element elementor-element-94dbf1e e-con-full e-flex e-con e-child\" data-id=\"94dbf1e\" data-element_type=\"container\" data-settings=\"{&quot;background_background&quot;:&quot;classic&quot;}\">\n\t\t\t\t<div class=\"elementor-element elementor-element-f9b0433 elementor-widget elementor-widget-heading\" data-id=\"f9b0433\" data-element_type=\"widget\" data-widget_type=\"heading.default\">\n\t\t\t\t<div class=\"elementor-widget-container\">\n\t\t\t<h2 class=\"elementor-heading-title elementor-size-default\">En \u00f6 gjord f\u00f6r te<\/h2>\t\t<\/div>\n\t\t\t\t<\/div>\n\t\t\t\t<div class=\"elementor-element elementor-element-99522de color-scheme-inherit text-left elementor-widget elementor-widget-text-editor\" data-id=\"99522de\" data-element_type=\"widget\" data-widget_type=\"text-editor.default\">\n\t\t\t\t<div class=\"elementor-widget-container\">\n\t\t\t\t\t\t\t<p>Fr\u00e5n Sri Lankas sju te-regioner kommer de sju smakerna av Ceylon-te. Var och en v\u00e4lsignad med sin distinkta charm f\u00f6r att f\u00f6rf\u00f6ra och sk\u00e4mma bort smakl\u00f6kar som kr\u00e4ver ett brett utbud av val.<\/p><p>Fr\u00e5n l\u00e4ttast till starkast, fyllig till mild, en kopp Ceylon-te \u00e4r inget annat \u00e4n det finaste.<\/p>\t\t\t\t\t\t<\/div>\n\t\t\t\t<\/div>\n\t\t\t\t<\/div>\n\t\t<div class=\"elementor-element elementor-element-0ffa3cb e-con-full e-flex e-con e-child\" data-id=\"0ffa3cb\" data-element_type=\"container\">\n\t\t\t\t<div class=\"elementor-element elementor-element-cca8750 elementor-widget elementor-widget-heading\" data-id=\"cca8750\" data-element_type=\"widget\" data-widget_type=\"heading.default\">\n\t\t\t\t<div class=\"elementor-widget-container\">\n\t\t\t<h2 class=\"elementor-heading-title elementor-size-default\">Typer och betyg<\/h2>\t\t<\/div>\n\t\t\t\t<\/div>\n\t\t\t\t<div class=\"elementor-element elementor-element-974a76a color-scheme-inherit text-left elementor-widget elementor-widget-text-editor\" data-id=\"974a76a\" data-element_type=\"widget\" data-widget_type=\"text-editor.default\">\n\t\t\t\t<div class=\"elementor-widget-container\">\n\t\t\t\t\t\t\t<p>SILVER TIPS<br \/>OP \u2013 Orange Pekoe<br \/>FBOP \u2013 Blommig Bruten Orange Pekoe<br \/>BOP1 \u2013 Broken Orange Pekoe 1<br \/>PEKOE<br \/>BOP \u2013 Broken Orange Pekoe<br \/>BOPF \u2013 Krossad Orange Pekoe Fannings<br \/>DUST 1<br \/>FBOPF EX.SP. \u2013 Blommig Bruten Orange Pekoe Fanning Extra Special<br \/>GULDTIPS<br \/>FF1 \u2013 Blomstrande Fannings 1<br \/>PULVER<\/p>\t\t\t\t\t\t<\/div>\n\t\t\t\t<\/div>\n\t\t\t\t<\/div>\n\t\t\t\t<\/div>\n\t\t<div class=\"elementor-element elementor-element-7e3614f e-con-full wd-section-stretch e-flex e-con e-parent\" data-id=\"7e3614f\" data-element_type=\"container\" data-core-v316-plus=\"true\">\n\t\t<div class=\"elementor-element elementor-element-d6b8aca e-con-full e-flex e-con e-child\" data-id=\"d6b8aca\" data-element_type=\"container\" data-settings=\"{&quot;background_background&quot;:&quot;classic&quot;}\">\n\t\t\t\t<div class=\"elementor-element elementor-element-7097c1b elementor-widget elementor-widget-heading\" data-id=\"7097c1b\" data-element_type=\"widget\" data-widget_type=\"heading.default\">\n\t\t\t\t<div class=\"elementor-widget-container\">\n\t\t\t<h2 class=\"elementor-heading-title elementor-size-default\"><a href=\"https:\/\/nordicceylon.fi\/index.php\/ceylon-cinnamon\/\">Ceylon-kanel<\/a><\/h2>\t\t<\/div>\n\t\t\t\t<\/div>\n\t\t\t\t<\/div>\n\t\t<div class=\"elementor-element elementor-element-e675d88 e-con-full e-flex e-con e-child\" data-id=\"e675d88\" data-element_type=\"container\" data-settings=\"{&quot;background_background&quot;:&quot;classic&quot;}\">\n\t\t\t\t<div class=\"elementor-element elementor-element-a0483c6 elementor-widget elementor-widget-heading\" data-id=\"a0483c6\" data-element_type=\"widget\" data-widget_type=\"heading.default\">\n\t\t\t\t<div class=\"elementor-widget-container\">\n\t\t\t<h2 class=\"elementor-heading-title elementor-size-default\"><a href=\"https:\/\/nordicceylon.fi\/index.php\/ceylon-tea\/\">Ceylon-tea<\/a><\/h2>\t\t<\/div>\n\t\t\t\t<\/div>\n\t\t\t\t<\/div>\n\t\t<div class=\"elementor-element elementor-element-4c833e1 e-con-full e-flex e-con e-child\" data-id=\"4c833e1\" data-element_type=\"container\" data-settings=\"{&quot;background_background&quot;:&quot;classic&quot;}\">\n\t\t\t\t<div class=\"elementor-element elementor-element-313c87b elementor-widget elementor-widget-heading\" data-id=\"313c87b\" data-element_type=\"widget\" data-widget_type=\"heading.default\">\n\t\t\t\t<div class=\"elementor-widget-container\">\n\t\t\t<h2 class=\"elementor-heading-title elementor-size-default\"><a href=\"https:\/\/nordicceylon.fi\/index.php\/ceylon-black-pepper\/\">Ceylon svartpeppar<\/a><\/h2>\t\t<\/div>\n\t\t\t\t<\/div>\n\t\t\t\t<\/div>\n\t\t\t\t<\/div>\n\t\t\t\t<\/div>","protected":false},"excerpt":{"rendered":"<p>Home Ceylon Tea In over one hundred and fifty years, the name Ceylon had become synonymous with the world\u2019s finest<\/p>","protected":false},"author":1,"featured_media":0,"parent":0,"menu_order":0,"comment_status":"closed","ping_status":"closed","template":"elementor_header_footer","meta":{"footnotes":""},"_links":{"self":[{"href":"https:\/\/nordicceylon.fi\/sv\/wp-json\/wp\/v2\/pages\/15871"}],"collection":[{"href":"https:\/\/nordicceylon.fi\/sv\/wp-json\/wp\/v2\/pages"}],"about":[{"href":"https:\/\/nordicceylon.fi\/sv\/wp-json\/wp\/v2\/types\/page"}],"author":[{"embeddable":true,"href":"https:\/\/nordicceylon.fi\/sv\/wp-json\/wp\/v2\/users\/1"}],"replies":[{"embeddable":true,"href":"https:\/\/nordicceylon.fi\/sv\/wp-json\/wp\/v2\/comments?post=15871"}],"version-history":[{"count":76,"href":"https:\/\/nordicceylon.fi\/sv\/wp-json\/wp\/v2\/pages\/15871\/revisions"}],"predecessor-version":[{"id":17134,"href":"https:\/\/nordicceylon.fi\/sv\/wp-json\/wp\/v2\/pages\/15871\/revisions\/17134"}],"wp:attachment":[{"href":"https:\/\/nordicceylon.fi\/sv\/wp-json\/wp\/v2\/media?parent=15871"}],"curies":[{"name":"wp","href":"https:\/\/api.w.org\/{rel}","templated":true}]}}