{"id":15870,"date":"2024-05-11T14:05:46","date_gmt":"2024-05-11T14:05:46","guid":{"rendered":"https:\/\/nordicceylon.fi\/?page_id=15870"},"modified":"2024-05-30T15:41:10","modified_gmt":"2024-05-30T15:41:10","slug":"ceylon-cinnamon","status":"publish","type":"page","link":"https:\/\/nordicceylon.fi\/sv\/ceylon-cinnamon\/","title":{"rendered":"Ceylon-kanel"},"content":{"rendered":"<div data-elementor-type=\"wp-page\" data-elementor-id=\"15870\" class=\"elementor elementor-15870\" data-elementor-post-type=\"page\">\n\t\t\t\t<div class=\"elementor-element elementor-element-a4be8cd wd-section-stretch-content e-flex e-con-boxed e-con e-parent\" data-id=\"a4be8cd\" data-element_type=\"container\" data-settings=\"{&quot;background_background&quot;:&quot;classic&quot;}\" data-core-v316-plus=\"true\">\n\t\t\t\t\t<div class=\"e-con-inner\">\n\t\t\t\t<div class=\"elementor-element elementor-element-e817e35 elementor-icon-list--layout-inline elementor-list-item-link-full_width elementor-widget elementor-widget-icon-list\" data-id=\"e817e35\" data-element_type=\"widget\" data-widget_type=\"icon-list.default\">\n\t\t\t\t<div class=\"elementor-widget-container\">\n\t\t\t<link rel=\"stylesheet\" href=\"https:\/\/nordicceylon.fi\/wp-content\/uploads\/elementor\/css\/custom-widget-icon-list.min.css?ver=1723284272\">\t\t<ul class=\"elementor-icon-list-items elementor-inline-items\">\n\t\t\t\t\t\t\t<li class=\"elementor-icon-list-item elementor-inline-item\">\n\t\t\t\t\t\t\t\t\t\t\t<span class=\"elementor-icon-list-icon\">\n\t\t\t\t\t\t\t<svg aria-hidden=\"true\" class=\"e-font-icon-svg e-fas-home\" viewbox=\"0 0 576 512\" xmlns=\"http:\/\/www.w3.org\/2000\/svg\"><path d=\"M280.37 148.26L96 300.11V464a16 16 0 0 0 16 16l112.06-.29a16 16 0 0 0 15.92-16V368a16 16 0 0 1 16-16h64a16 16 0 0 1 16 16v95.64a16 16 0 0 0 16 16.05L464 480a16 16 0 0 0 16-16V300L295.67 148.26a12.19 12.19 0 0 0-15.3 0zM571.6 251.47L488 182.56V44.05a12 12 0 0 0-12-12h-56a12 12 0 0 0-12 12v72.61L318.47 43a48 48 0 0 0-61 0L4.34 251.47a12 12 0 0 0-1.6 16.9l25.5 31A12 12 0 0 0 45.15 301l235.22-193.74a12.19 12.19 0 0 1 15.3 0L530.9 301a12 12 0 0 0 16.9-1.6l25.5-31a12 12 0 0 0-1.7-16.93z\"><\/path><\/svg>\t\t\t\t\t\t<\/span>\n\t\t\t\t\t\t\t\t\t\t<span class=\"elementor-icon-list-text\">Hem<\/span>\n\t\t\t\t\t\t\t\t\t<\/li>\n\t\t\t\t\t\t\t\t<li class=\"elementor-icon-list-item elementor-inline-item\">\n\t\t\t\t\t\t\t\t\t\t\t<span class=\"elementor-icon-list-icon\">\n\t\t\t\t\t\t\t<i aria-hidden=\"true\" class=\"icon icon-right-arrow1\"><\/i>\t\t\t\t\t\t<\/span>\n\t\t\t\t\t\t\t\t\t\t<span class=\"elementor-icon-list-text\"><\/span>\n\t\t\t\t\t\t\t\t\t<\/li>\n\t\t\t\t\t\t<\/ul>\n\t\t\t\t<\/div>\n\t\t\t\t<\/div>\n\t\t\t\t\t<\/div>\n\t\t\t\t<\/div>\n\t\t<div class=\"elementor-element elementor-element-f2a80ca e-con-full wd-section-stretch e-flex e-con e-parent\" data-id=\"f2a80ca\" data-element_type=\"container\" data-core-v316-plus=\"true\">\n\t\t<div class=\"elementor-element elementor-element-8cb03da e-con-full e-flex e-con e-child\" data-id=\"8cb03da\" data-element_type=\"container\" data-settings=\"{&quot;background_background&quot;:&quot;classic&quot;}\">\n\t\t\t\t<div class=\"elementor-element elementor-element-9e4bf53 elementor-widget elementor-widget-image\" data-id=\"9e4bf53\" data-element_type=\"widget\" data-widget_type=\"image.default\">\n\t\t\t\t<div class=\"elementor-widget-container\">\n\t\t\t<style>\/*! elementor - v3.20.0 - 26-03-2024 *\/\n.elementor-widget-image{text-align:center}.elementor-widget-image a{display:inline-block}.elementor-widget-image a img[src$=\".svg\"]{width:48px}.elementor-widget-image img{vertical-align:middle;display:inline-block}<\/style>\t\t\t\t\t\t\t\t\t\t<img fetchpriority=\"high\" decoding=\"async\" width=\"406\" height=\"460\" src=\"https:\/\/nordicceylon.fi\/wp-content\/uploads\/2024\/05\/pure-ceylon-cinnamon-logo-1-1.jpg\" class=\"attachment-large size-large wp-image-16578\" alt=\"\" srcset=\"https:\/\/nordicceylon.fi\/wp-content\/uploads\/2024\/05\/pure-ceylon-cinnamon-logo-1-1.jpg 406w, https:\/\/nordicceylon.fi\/wp-content\/uploads\/2024\/05\/pure-ceylon-cinnamon-logo-1-1-265x300.jpg 265w, https:\/\/nordicceylon.fi\/wp-content\/uploads\/2024\/05\/pure-ceylon-cinnamon-logo-1-1-150x170.jpg 150w\" sizes=\"(max-width: 406px) 100vw, 406px\" \/>\t\t\t\t\t\t\t\t\t\t\t\t\t<\/div>\n\t\t\t\t<\/div>\n\t\t\t\t<div class=\"elementor-element elementor-element-01d9984 elementor-widget elementor-widget-image\" data-id=\"01d9984\" data-element_type=\"widget\" data-widget_type=\"image.default\">\n\t\t\t\t<div class=\"elementor-widget-container\">\n\t\t\t\t\t\t\t\t\t\t\t\t\t<img decoding=\"async\" width=\"1038\" height=\"635\" src=\"https:\/\/nordicceylon.fi\/wp-content\/uploads\/2024\/05\/Ceylon-Cinnamon-Powder-2-1-1.png\" class=\"attachment-large size-large wp-image-16576\" alt=\"\" srcset=\"https:\/\/nordicceylon.fi\/wp-content\/uploads\/2024\/05\/Ceylon-Cinnamon-Powder-2-1-1.png 1038w, https:\/\/nordicceylon.fi\/wp-content\/uploads\/2024\/05\/Ceylon-Cinnamon-Powder-2-1-1-400x245.png 400w, https:\/\/nordicceylon.fi\/wp-content\/uploads\/2024\/05\/Ceylon-Cinnamon-Powder-2-1-1-768x470.png 768w, https:\/\/nordicceylon.fi\/wp-content\/uploads\/2024\/05\/Ceylon-Cinnamon-Powder-2-1-1-860x526.png 860w, https:\/\/nordicceylon.fi\/wp-content\/uploads\/2024\/05\/Ceylon-Cinnamon-Powder-2-1-1-430x263.png 430w, https:\/\/nordicceylon.fi\/wp-content\/uploads\/2024\/05\/Ceylon-Cinnamon-Powder-2-1-1-700x428.png 700w, https:\/\/nordicceylon.fi\/wp-content\/uploads\/2024\/05\/Ceylon-Cinnamon-Powder-2-1-1-150x92.png 150w\" sizes=\"(max-width: 1038px) 100vw, 1038px\" \/>\t\t\t\t\t\t\t\t\t\t\t\t\t<\/div>\n\t\t\t\t<\/div>\n\t\t\t\t<\/div>\n\t\t<div class=\"elementor-element elementor-element-b2c6d19 e-con-full e-flex e-con e-child\" data-id=\"b2c6d19\" data-element_type=\"container\">\n\t\t\t\t<div class=\"elementor-element elementor-element-970f0d5 elementor-widget elementor-widget-heading\" data-id=\"970f0d5\" data-element_type=\"widget\" data-widget_type=\"heading.default\">\n\t\t\t\t<div class=\"elementor-widget-container\">\n\t\t\t<style>\/*! elementor - v3.20.0 - 26-03-2024 *\/\n.elementor-heading-title{padding:0;margin:0;line-height:1}.elementor-widget-heading .elementor-heading-title[class*=elementor-size-]>a{color:inherit;font-size:inherit;line-height:inherit}.elementor-widget-heading .elementor-heading-title.elementor-size-small{font-size:15px}.elementor-widget-heading .elementor-heading-title.elementor-size-medium{font-size:19px}.elementor-widget-heading .elementor-heading-title.elementor-size-large{font-size:29px}.elementor-widget-heading .elementor-heading-title.elementor-size-xl{font-size:39px}.elementor-widget-heading .elementor-heading-title.elementor-size-xxl{font-size:59px}<\/style><h2 class=\"elementor-heading-title elementor-size-default\"><span style=\"color: #F1592A;\">Ceylon-kanel<\/h2>\t\t<\/div>\n\t\t\t\t<\/div>\n\t\t\t\t<div class=\"elementor-element elementor-element-4f226cb elementor-widget elementor-widget-heading\" data-id=\"4f226cb\" data-element_type=\"widget\" data-widget_type=\"heading.default\">\n\t\t\t\t<div class=\"elementor-widget-container\">\n\t\t\t<h2 class=\"elementor-heading-title elementor-size-default\">Historia <\/h2>\t\t<\/div>\n\t\t\t\t<\/div>\n\t\t\t\t<div class=\"elementor-element elementor-element-5cfb4cf color-scheme-inherit text-left elementor-widget elementor-widget-text-editor\" data-id=\"5cfb4cf\" data-element_type=\"widget\" data-widget_type=\"text-editor.default\">\n\t\t\t\t<div class=\"elementor-widget-container\">\n\t\t\t<style>\/*! elementor - v3.20.0 - 26-03-2024 *\/\n.elementor-widget-text-editor.elementor-drop-cap-view-stacked .elementor-drop-cap{background-color:#69727d;color:#fff}.elementor-widget-text-editor.elementor-drop-cap-view-framed .elementor-drop-cap{color:#69727d;border:3px solid;background-color:transparent}.elementor-widget-text-editor:not(.elementor-drop-cap-view-default) .elementor-drop-cap{margin-top:8px}.elementor-widget-text-editor:not(.elementor-drop-cap-view-default) .elementor-drop-cap-letter{width:1em;height:1em}.elementor-widget-text-editor .elementor-drop-cap{float:left;text-align:center;line-height:1;font-size:50px}.elementor-widget-text-editor .elementor-drop-cap-letter{display:inline-block}<\/style>\t\t\t\t<p><strong>Ceylon-kanel<\/strong>, \u00e4ven kallad \"\u00e4kta kanel,\" h\u00e4rstammar fr\u00e5n Sri Lanka och \u00e4r uppskattad f\u00f6r sin unika smak och doft. Historiskt sett v\u00e4rderades kanel i v\u00e4st f\u00f6r sina konserverande egenskaper, och kanel spelade en betydande roll i den globala utforskningen under 1500-talet. Sri Lanka var den enda producenten av \u00e4kta kanel, vilket bevisas av handelsavtal som Hanguranketha-avtalet fr\u00e5n 1766 med holl\u00e4ndarna.<\/p><p>Nederl\u00e4ndska insatser \u00f6kade kraftigt kanelproduktionen genom domesticering och expansion. Guvern\u00f6r Falck inledde systematisk odling 1767. Kanelodling \u00e4r koncentrerad l\u00e4ngs Sri Lankas kustb\u00e4lte och t\u00e4cker cirka 45 000 acres. Skalning sker under tv\u00e5 huvudsakliga s\u00e4songer: april\/maj till september\/oktober. Ideala f\u00f6rh\u00e5llanden inkluderar ett fuktigt klimat med \u00e5rlig nederb\u00f6rd som \u00f6verstiger 1750 mm och temperaturer mellan 25\u00b0C-32\u00b0C.<\/p>\t\t\t\t\t\t<\/div>\n\t\t\t\t<\/div>\n\t\t\t\t<\/div>\n\t\t\t\t<\/div>\n\t\t<div class=\"elementor-element elementor-element-f5da00f e-con-full wd-section-stretch e-flex e-con e-parent\" data-id=\"f5da00f\" data-element_type=\"container\" data-core-v316-plus=\"true\">\n\t\t<div class=\"elementor-element elementor-element-7ea701e e-con-full e-flex e-con e-child\" data-id=\"7ea701e\" data-element_type=\"container\" data-settings=\"{&quot;background_background&quot;:&quot;classic&quot;}\">\n\t\t\t\t<div class=\"elementor-element elementor-element-d1f287f elementor-widget elementor-widget-image\" data-id=\"d1f287f\" data-element_type=\"widget\" data-widget_type=\"image.default\">\n\t\t\t\t<div class=\"elementor-widget-container\">\n\t\t\t\t\t\t\t\t\t\t\t\t\t<img decoding=\"async\" width=\"433\" height=\"577\" src=\"https:\/\/nordicceylon.fi\/wp-content\/uploads\/2024\/05\/fa6f7173-8537-4ccb-92c9-01a64cd98ee8-removebg-preview-1.png\" class=\"attachment-large size-large wp-image-17116\" alt=\"\" srcset=\"https:\/\/nordicceylon.fi\/wp-content\/uploads\/2024\/05\/fa6f7173-8537-4ccb-92c9-01a64cd98ee8-removebg-preview-1.png 433w, https:\/\/nordicceylon.fi\/wp-content\/uploads\/2024\/05\/fa6f7173-8537-4ccb-92c9-01a64cd98ee8-removebg-preview-1-225x300.png 225w, https:\/\/nordicceylon.fi\/wp-content\/uploads\/2024\/05\/fa6f7173-8537-4ccb-92c9-01a64cd98ee8-removebg-preview-1-430x573.png 430w, https:\/\/nordicceylon.fi\/wp-content\/uploads\/2024\/05\/fa6f7173-8537-4ccb-92c9-01a64cd98ee8-removebg-preview-1-150x200.png 150w\" sizes=\"(max-width: 433px) 100vw, 433px\" \/>\t\t\t\t\t\t\t\t\t\t\t\t\t<\/div>\n\t\t\t\t<\/div>\n\t\t\t\t<div class=\"elementor-element elementor-element-bbc8e4a elementor-widget elementor-widget-image\" data-id=\"bbc8e4a\" data-element_type=\"widget\" data-widget_type=\"image.default\">\n\t\t\t\t<div class=\"elementor-widget-container\">\n\t\t\t\t\t\t\t\t\t\t\t\t\t<img fetchpriority=\"high\" decoding=\"async\" width=\"406\" height=\"460\" src=\"https:\/\/nordicceylon.fi\/wp-content\/uploads\/2024\/05\/pure-ceylon-cinnamon-logo-1-1.jpg\" class=\"attachment-large size-large wp-image-16578\" alt=\"\" srcset=\"https:\/\/nordicceylon.fi\/wp-content\/uploads\/2024\/05\/pure-ceylon-cinnamon-logo-1-1.jpg 406w, https:\/\/nordicceylon.fi\/wp-content\/uploads\/2024\/05\/pure-ceylon-cinnamon-logo-1-1-265x300.jpg 265w, https:\/\/nordicceylon.fi\/wp-content\/uploads\/2024\/05\/pure-ceylon-cinnamon-logo-1-1-150x170.jpg 150w\" sizes=\"(max-width: 406px) 100vw, 406px\" \/>\t\t\t\t\t\t\t\t\t\t\t\t\t<\/div>\n\t\t\t\t<\/div>\n\t\t\t\t<\/div>\n\t\t<div class=\"elementor-element elementor-element-b80a686 e-con-full e-flex e-con e-child\" data-id=\"b80a686\" data-element_type=\"container\">\n\t\t\t\t<div class=\"elementor-element elementor-element-72a8e76 elementor-widget elementor-widget-heading\" data-id=\"72a8e76\" data-element_type=\"widget\" data-widget_type=\"heading.default\">\n\t\t\t\t<div class=\"elementor-widget-container\">\n\t\t\t<h2 class=\"elementor-heading-title elementor-size-default\"><span style=\"color: #F1592A;\">  Skillnad mellan Ceylon <\/span> Kanel och Kassia<\/h2>\t\t<\/div>\n\t\t\t\t<\/div>\n\t\t\t\t<div class=\"elementor-element elementor-element-1142196 color-scheme-inherit text-left elementor-widget elementor-widget-text-editor\" data-id=\"1142196\" data-element_type=\"widget\" data-widget_type=\"text-editor.default\">\n\t\t\t\t<div class=\"elementor-widget-container\">\n\t\t\t\t\t\t\t<p>Ceylon-kanel och Cassia handlas b\u00e5da internationellt, men Ceylon-kanel \u00e4r mindre k\u00e4nd och f\u00f6rv\u00e4xlas ofta med Cassia, vilket belyser behovet av att f\u00f6rst\u00e5 deras skillnader. H\u00e4rledd fr\u00e5n Cinnamomum Zeylanicum blume-v\u00e4xten som \u00e4r inhemsk p\u00e5 Sri Lanka, har Ceylon-kanel ett tunt, papperstunt bark som bildar flera lager, medan Cassia har en grovare, tjockare bark med f\u00e4rre lager. Ceylon-kanel, k\u00e4nd som \"s\u00f6t kanel\" eller \"\u00e4kta kanel,\" f\u00f6redras f\u00f6r sin \u00f6verl\u00e4gsna smakprofil, som tillskrivs terpinoider som saknas i Cassia. Fysiskt sett \u00e4r Ceylon-kanel ljusbrun, sk\u00f6r och erbjuder ljusare, klarare citrongula toner, medan Cassia \u00e4r r\u00f6daktigt m\u00f6rkbrun, tuffare och smakar starkare och hetare.<\/p>\t\t\t\t\t\t<\/div>\n\t\t\t\t<\/div>\n\t\t\t\t<div class=\"elementor-element elementor-element-b8cd979 elementor-widget__width-initial color-scheme-inherit text-left elementor-widget elementor-widget-text-editor\" data-id=\"b8cd979\" data-element_type=\"widget\" data-widget_type=\"text-editor.default\">\n\t\t\t\t<div class=\"elementor-widget-container\">\n\t\t\t\t\t\t\t<p>Dessutom inneh\u00e5ller Ceylon-kanel minimala m\u00e4ngder kumarin, en naturligt f\u00f6rekommande blodf\u00f6rtunnande substans, medan Cassia har h\u00f6gre niv\u00e5er, vilket kan inneb\u00e4ra potentiella risker f\u00f6r levern och njurarna vid regelbundet intag. Det federala institutet f\u00f6r riskbed\u00f6mning i Tyskland rekommenderar begr\u00e4nsad konsumtion av Cassia till 2 gram dagligen och rekommenderar Ceylon-kanel f\u00f6r dess l\u00e4gre kumarinhalt. Prism\u00e4ssigt \u00e4r Ceylon-kanel betydligt dyrare, \u00f6ver 10 g\u00e5nger mer kostsam \u00e4n Cassia. Dessa skillnader betonar vikten av informerat beslutsfattande n\u00e4r man v\u00e4ljer mellan de tv\u00e5 sorterna.<\/p>\t\t\t\t\t\t<\/div>\n\t\t\t\t<\/div>\n\t\t\t\t<\/div>\n\t\t\t\t<\/div>\n\t\t<div class=\"elementor-element elementor-element-db8ef6a e-con-full wd-section-stretch e-flex e-con e-parent\" data-id=\"db8ef6a\" data-element_type=\"container\" data-core-v316-plus=\"true\">\n\t\t<div class=\"elementor-element elementor-element-0078601 e-con-full e-flex e-con e-child\" data-id=\"0078601\" data-element_type=\"container\">\n\t\t\t\t<div class=\"elementor-element elementor-element-9ab3488 elementor-widget elementor-widget-heading\" data-id=\"9ab3488\" data-element_type=\"widget\" data-widget_type=\"heading.default\">\n\t\t\t\t<div class=\"elementor-widget-container\">\n\t\t\t<h2 class=\"elementor-heading-title elementor-size-default\"><span style=\"color: #F1592A;\">  Anv\u00e4ndning av  <\/span> Ceylon-kanel <\/h2>\t\t<\/div>\n\t\t\t\t<\/div>\n\t\t\t\t<div class=\"elementor-element elementor-element-691dfbe color-scheme-inherit text-left elementor-widget elementor-widget-text-editor\" data-id=\"691dfbe\" data-element_type=\"widget\" data-widget_type=\"text-editor.default\">\n\t\t\t\t<div class=\"elementor-widget-container\">\n\t\t\t\t\t\t\t<p>Kanel \u00e4r en viktig krydda i Sri Lanka, och exporteras \u00e4ven som f\u00f6r\u00e4dlade produkter som olja och pulver. Det anv\u00e4nds i stor utstr\u00e4ckning i mat och dryck f\u00f6r smak och arom.<\/p><p>Medicinskt sett \u00e4r kanel rik p\u00e5 kraftfulla antioxidanter, vilket g\u00f6r den till den mest framst\u00e5ende kryddan. Ceylon-kanel har antiinflammatoriska egenskaper och hj\u00e4lper till att minska risken f\u00f6r hj\u00e4rtsjukdomar och effektivt hantera blodsockerniv\u00e5erna.<\/p><p>Forskning antyder att kanel kan ha potential i cancerf\u00f6rebyggande syfte, \u00e4ven om detta fr\u00e4mst baseras p\u00e5 laboratoriestudier. Det fungerar som ett naturligt livsmedelskonserveringsmedel och anv\u00e4nds globalt inom l\u00e4kemedel och kosmetika, s\u00e4rskilt i parfymer och doftprodukter.<\/p>\t\t\t\t\t\t<\/div>\n\t\t\t\t<\/div>\n\t\t\t\t<\/div>\n\t\t\t\t<\/div>\n\t\t<div class=\"elementor-element elementor-element-9ad62ce e-con-full wd-section-stretch e-flex e-con e-parent\" data-id=\"9ad62ce\" data-element_type=\"container\" data-core-v316-plus=\"true\">\n\t\t<div class=\"elementor-element elementor-element-eeca7c3 e-con-full e-flex e-con e-child\" data-id=\"eeca7c3\" data-element_type=\"container\" data-settings=\"{&quot;background_background&quot;:&quot;classic&quot;}\">\n\t\t\t\t<div class=\"elementor-element elementor-element-d7f1a74 elementor-widget elementor-widget-heading\" data-id=\"d7f1a74\" data-element_type=\"widget\" data-widget_type=\"heading.default\">\n\t\t\t\t<div class=\"elementor-widget-container\">\n\t\t\t<h2 class=\"elementor-heading-title elementor-size-default\"><a href=\"https:\/\/nordicceylon.fi\/index.php\/ceylon-cinnamon\/\">Ceylon-kanel<\/a><\/h2>\t\t<\/div>\n\t\t\t\t<\/div>\n\t\t\t\t<\/div>\n\t\t<div class=\"elementor-element elementor-element-e30721b e-con-full e-flex e-con e-child\" data-id=\"e30721b\" data-element_type=\"container\" data-settings=\"{&quot;background_background&quot;:&quot;classic&quot;}\">\n\t\t\t\t<div class=\"elementor-element elementor-element-90f9ff4 elementor-widget elementor-widget-heading\" data-id=\"90f9ff4\" data-element_type=\"widget\" data-widget_type=\"heading.default\">\n\t\t\t\t<div class=\"elementor-widget-container\">\n\t\t\t<h2 class=\"elementor-heading-title elementor-size-default\"><a href=\"https:\/\/nordicceylon.fi\/index.php\/ceylon-tea\/\">Ceylon-tea<\/a><\/h2>\t\t<\/div>\n\t\t\t\t<\/div>\n\t\t\t\t<\/div>\n\t\t<div class=\"elementor-element elementor-element-3e4b949 e-con-full e-flex e-con e-child\" data-id=\"3e4b949\" data-element_type=\"container\" data-settings=\"{&quot;background_background&quot;:&quot;classic&quot;}\">\n\t\t\t\t<div class=\"elementor-element elementor-element-38d1bf2 elementor-widget elementor-widget-heading\" data-id=\"38d1bf2\" data-element_type=\"widget\" data-widget_type=\"heading.default\">\n\t\t\t\t<div class=\"elementor-widget-container\">\n\t\t\t<h2 class=\"elementor-heading-title elementor-size-default\"><a href=\"https:\/\/nordicceylon.fi\/index.php\/ceylon-black-pepper\/\">Ceylon svartpeppar<\/a><\/h2>\t\t<\/div>\n\t\t\t\t<\/div>\n\t\t\t\t<\/div>\n\t\t\t\t<\/div>\n\t\t\t\t<\/div>","protected":false},"excerpt":{"rendered":"<p>Home Ceylon Cinnamon History Ceylon cinnamon, also called &#8220;True Cinnamon,&#8221; originates from Sri Lanka and is prized for its unique<\/p>","protected":false},"author":1,"featured_media":0,"parent":0,"menu_order":0,"comment_status":"closed","ping_status":"closed","template":"elementor_header_footer","meta":{"footnotes":""},"_links":{"self":[{"href":"https:\/\/nordicceylon.fi\/sv\/wp-json\/wp\/v2\/pages\/15870"}],"collection":[{"href":"https:\/\/nordicceylon.fi\/sv\/wp-json\/wp\/v2\/pages"}],"about":[{"href":"https:\/\/nordicceylon.fi\/sv\/wp-json\/wp\/v2\/types\/page"}],"author":[{"embeddable":true,"href":"https:\/\/nordicceylon.fi\/sv\/wp-json\/wp\/v2\/users\/1"}],"replies":[{"embeddable":true,"href":"https:\/\/nordicceylon.fi\/sv\/wp-json\/wp\/v2\/comments?post=15870"}],"version-history":[{"count":139,"href":"https:\/\/nordicceylon.fi\/sv\/wp-json\/wp\/v2\/pages\/15870\/revisions"}],"predecessor-version":[{"id":17131,"href":"https:\/\/nordicceylon.fi\/sv\/wp-json\/wp\/v2\/pages\/15870\/revisions\/17131"}],"wp:attachment":[{"href":"https:\/\/nordicceylon.fi\/sv\/wp-json\/wp\/v2\/media?parent=15870"}],"curies":[{"name":"wp","href":"https:\/\/api.w.org\/{rel}","templated":true}]}}