{"id":15692,"date":"2024-04-09T16:10:09","date_gmt":"2024-04-09T16:10:09","guid":{"rendered":"https:\/\/nordicceylon.fi\/?page_id=15692"},"modified":"2024-05-30T15:34:09","modified_gmt":"2024-05-30T15:34:09","slug":"about-us","status":"publish","type":"page","link":"https:\/\/nordicceylon.fi\/sv\/about-us\/","title":{"rendered":"Om oss"},"content":{"rendered":"<div data-elementor-type=\"wp-page\" data-elementor-id=\"15692\" class=\"elementor elementor-15692\" data-elementor-post-type=\"page\">\n\t\t\t\t<div class=\"elementor-element elementor-element-56135c0 wd-section-stretch-content e-flex e-con-boxed e-con e-parent\" data-id=\"56135c0\" data-element_type=\"container\" data-settings=\"{&quot;background_background&quot;:&quot;classic&quot;}\" data-core-v316-plus=\"true\">\n\t\t\t\t\t<div class=\"e-con-inner\">\n\t\t\t\t<div class=\"elementor-element elementor-element-6abe3c2 elementor-icon-list--layout-inline elementor-list-item-link-full_width elementor-widget elementor-widget-icon-list\" data-id=\"6abe3c2\" data-element_type=\"widget\" data-widget_type=\"icon-list.default\">\n\t\t\t\t<div class=\"elementor-widget-container\">\n\t\t\t<link rel=\"stylesheet\" href=\"https:\/\/nordicceylon.fi\/wp-content\/uploads\/elementor\/css\/custom-widget-icon-list.min.css?ver=1723284272\">\t\t<ul class=\"elementor-icon-list-items elementor-inline-items\">\n\t\t\t\t\t\t\t<li class=\"elementor-icon-list-item elementor-inline-item\">\n\t\t\t\t\t\t\t\t\t\t\t<span class=\"elementor-icon-list-icon\">\n\t\t\t\t\t\t\t<svg aria-hidden=\"true\" class=\"e-font-icon-svg e-fas-home\" viewbox=\"0 0 576 512\" xmlns=\"http:\/\/www.w3.org\/2000\/svg\"><path d=\"M280.37 148.26L96 300.11V464a16 16 0 0 0 16 16l112.06-.29a16 16 0 0 0 15.92-16V368a16 16 0 0 1 16-16h64a16 16 0 0 1 16 16v95.64a16 16 0 0 0 16 16.05L464 480a16 16 0 0 0 16-16V300L295.67 148.26a12.19 12.19 0 0 0-15.3 0zM571.6 251.47L488 182.56V44.05a12 12 0 0 0-12-12h-56a12 12 0 0 0-12 12v72.61L318.47 43a48 48 0 0 0-61 0L4.34 251.47a12 12 0 0 0-1.6 16.9l25.5 31A12 12 0 0 0 45.15 301l235.22-193.74a12.19 12.19 0 0 1 15.3 0L530.9 301a12 12 0 0 0 16.9-1.6l25.5-31a12 12 0 0 0-1.7-16.93z\"><\/path><\/svg>\t\t\t\t\t\t<\/span>\n\t\t\t\t\t\t\t\t\t\t<span class=\"elementor-icon-list-text\">Hem<\/span>\n\t\t\t\t\t\t\t\t\t<\/li>\n\t\t\t\t\t\t\t\t<li class=\"elementor-icon-list-item elementor-inline-item\">\n\t\t\t\t\t\t\t\t\t\t\t<span class=\"elementor-icon-list-icon\">\n\t\t\t\t\t\t\t<i aria-hidden=\"true\" class=\"icon icon-right-arrow1\"><\/i>\t\t\t\t\t\t<\/span>\n\t\t\t\t\t\t\t\t\t\t<span class=\"elementor-icon-list-text\"><\/span>\n\t\t\t\t\t\t\t\t\t<\/li>\n\t\t\t\t\t\t<\/ul>\n\t\t\t\t<\/div>\n\t\t\t\t<\/div>\n\t\t\t\t\t<\/div>\n\t\t\t\t<\/div>\n\t\t<div class=\"elementor-element elementor-element-f72a019 wd-section-stretch-content e-flex e-con-boxed e-con e-parent\" data-id=\"f72a019\" data-element_type=\"container\" data-core-v316-plus=\"true\">\n\t\t\t\t\t<div class=\"e-con-inner\">\n\t\t<div class=\"elementor-element elementor-element-f16064c e-con-full e-flex e-con e-child\" data-id=\"f16064c\" data-element_type=\"container\">\n\t\t\t\t<div class=\"elementor-element elementor-element-15ccbc2 elementor-widget elementor-widget-heading\" data-id=\"15ccbc2\" data-element_type=\"widget\" data-widget_type=\"heading.default\">\n\t\t\t\t<div class=\"elementor-widget-container\">\n\t\t\t<style>\/*! elementor - v3.20.0 - 26-03-2024 *\/\n.elementor-heading-title{padding:0;margin:0;line-height:1}.elementor-widget-heading .elementor-heading-title[class*=elementor-size-]>a{color:inherit;font-size:inherit;line-height:inherit}.elementor-widget-heading .elementor-heading-title.elementor-size-small{font-size:15px}.elementor-widget-heading .elementor-heading-title.elementor-size-medium{font-size:19px}.elementor-widget-heading .elementor-heading-title.elementor-size-large{font-size:29px}.elementor-widget-heading .elementor-heading-title.elementor-size-xl{font-size:39px}.elementor-widget-heading .elementor-heading-title.elementor-size-xxl{font-size:59px}<\/style><h2 class=\"elementor-heading-title elementor-size-default\">Om oss<\/h2>\t\t<\/div>\n\t\t\t\t<\/div>\n\t\t\t\t<div class=\"elementor-element elementor-element-ac24d8c elementor-widget__width-initial color-scheme-inherit text-left elementor-widget elementor-widget-text-editor\" data-id=\"ac24d8c\" data-element_type=\"widget\" data-widget_type=\"text-editor.default\">\n\t\t\t\t<div class=\"elementor-widget-container\">\n\t\t\t<style>\/*! elementor - v3.20.0 - 26-03-2024 *\/\n.elementor-widget-text-editor.elementor-drop-cap-view-stacked .elementor-drop-cap{background-color:#69727d;color:#fff}.elementor-widget-text-editor.elementor-drop-cap-view-framed .elementor-drop-cap{color:#69727d;border:3px solid;background-color:transparent}.elementor-widget-text-editor:not(.elementor-drop-cap-view-default) .elementor-drop-cap{margin-top:8px}.elementor-widget-text-editor:not(.elementor-drop-cap-view-default) .elementor-drop-cap-letter{width:1em;height:1em}.elementor-widget-text-editor .elementor-drop-cap{float:left;text-align:center;line-height:1;font-size:50px}.elementor-widget-text-editor .elementor-drop-cap-letter{display:inline-block}<\/style>\t\t\t\t<p>Nordic Ceylon grundades ursprungligen i Helsingfors, Finland, \u00e5r 2024 f\u00f6r att tillgodose ett l\u00e4nge k\u00e4nt behov hos den srilankesiska gemenskapen i de nordiska l\u00e4nderna.<\/p><p>V\u00e5r vision \u00e4r att bli den st\u00f6rsta \u00e5terf\u00f6rs\u00e4ljaren i Norden genom att h\u00e4mta livsmedel, mat, kryddor, \u00f6rter och te fr\u00e5n Sri Lanka. Vi h\u00e4mtar fr\u00e5n framst\u00e5ende lokala leverant\u00f6rer i Sri Lanka. Vi v\u00e4ljer ut alla produkter sj\u00e4lva f\u00f6r att kontrollera produktkvaliteten och samla information om kommande trender. V\u00e5ra produkter str\u00e4cker sig fr\u00e5n det v\u00e4rldsber\u00f6mda Ceylon-teet till srilankesiska livsmedel, srilankesiska kryddor, chutneys, inl\u00e4ggningar och f\u00e4rdigr\u00e4tter.<\/p><p>Sri Lankas k\u00f6k \u00e4r inte bara gott och fullt av nyttigheter utan ocks\u00e5 rotat i h\u00e4lsa och v\u00e4lbefinnande.<\/p><p>Vildris, curryr\u00e4tter, kryddor, \u00f6rter och sambal \u00e4r h\u00f6rnstenarna i v\u00e5r kost och erbjuder ett brett utbud av r\u00e4tter som passar alla smaker. Alternativen \u00e4r o\u00e4ndliga, likas\u00e5 v\u00e5ra hyllor.<\/p><p>I dagens snabba v\u00e4rld tror vi p\u00e5 Nordc Ceylon p\u00e5 exceptionell kundservice och att erbjuda en m\u00e4ngd h\u00f6gkvalitativa produkter till ett \u00f6verkomligt pris direkt till din d\u00f6rr.<\/p><p>Vi erbjuder snabb frakt n\u00e4stan \u00f6verallt i Finland samt i den nordiska regionen till rabatterade priser genom Posti, Postnord och DPD, och personlig leverans inom Helsingforsomr\u00e5det.\u00a0<\/p>\t\t\t\t\t\t<\/div>\n\t\t\t\t<\/div>\n\t\t\t\t<\/div>\n\t\t<div class=\"elementor-element elementor-element-de38f15 e-con-full e-flex e-con e-child\" data-id=\"de38f15\" data-element_type=\"container\">\n\t\t\t\t<div class=\"elementor-element elementor-element-d04ceb7 elementor-widget elementor-widget-image\" data-id=\"d04ceb7\" data-element_type=\"widget\" data-widget_type=\"image.default\">\n\t\t\t\t<div class=\"elementor-widget-container\">\n\t\t\t<style>\/*! elementor - v3.20.0 - 26-03-2024 *\/\n.elementor-widget-image{text-align:center}.elementor-widget-image a{display:inline-block}.elementor-widget-image a img[src$=\".svg\"]{width:48px}.elementor-widget-image img{vertical-align:middle;display:inline-block}<\/style>\t\t\t\t\t\t\t\t\t\t<img fetchpriority=\"high\" decoding=\"async\" width=\"281\" height=\"548\" src=\"https:\/\/nordicceylon.fi\/wp-content\/uploads\/2024\/05\/RPJ_7905-removebg-preview.png\" class=\"attachment-large size-large wp-image-16572\" alt=\"\" srcset=\"https:\/\/nordicceylon.fi\/wp-content\/uploads\/2024\/05\/RPJ_7905-removebg-preview.png 281w, https:\/\/nordicceylon.fi\/wp-content\/uploads\/2024\/05\/RPJ_7905-removebg-preview-154x300.png 154w, https:\/\/nordicceylon.fi\/wp-content\/uploads\/2024\/05\/RPJ_7905-removebg-preview-150x293.png 150w\" sizes=\"(max-width: 281px) 100vw, 281px\" \/>\t\t\t\t\t\t\t\t\t\t\t\t\t<\/div>\n\t\t\t\t<\/div>\n\t\t\t\t<\/div>\n\t\t\t\t\t<\/div>\n\t\t\t\t<\/div>\n\t\t<div class=\"elementor-element elementor-element-e7c42a7 e-con-full wd-section-stretch e-flex e-con e-parent\" data-id=\"e7c42a7\" data-element_type=\"container\" data-core-v316-plus=\"true\">\n\t\t<div class=\"elementor-element elementor-element-a14e47c e-con-full e-flex e-con e-child\" data-id=\"a14e47c\" data-element_type=\"container\">\n\t\t\t\t<div class=\"elementor-element elementor-element-5121c04 elementor-widget elementor-widget-image\" data-id=\"5121c04\" data-element_type=\"widget\" data-widget_type=\"image.default\">\n\t\t\t\t<div class=\"elementor-widget-container\">\n\t\t\t\t\t\t\t\t\t\t\t\t\t<img decoding=\"async\" width=\"804\" height=\"800\" src=\"https:\/\/nordicceylon.fi\/wp-content\/uploads\/2024\/05\/Sticker_1-01-1-804x800.png\" class=\"attachment-large size-large wp-image-17095\" alt=\"\" srcset=\"https:\/\/nordicceylon.fi\/wp-content\/uploads\/2024\/05\/Sticker_1-01-1-804x800.png 804w, https:\/\/nordicceylon.fi\/wp-content\/uploads\/2024\/05\/Sticker_1-01-1-302x300.png 302w, https:\/\/nordicceylon.fi\/wp-content\/uploads\/2024\/05\/Sticker_1-01-1-150x149.png 150w, https:\/\/nordicceylon.fi\/wp-content\/uploads\/2024\/05\/Sticker_1-01-1-768x764.png 768w, https:\/\/nordicceylon.fi\/wp-content\/uploads\/2024\/05\/Sticker_1-01-1-860x856.png 860w, https:\/\/nordicceylon.fi\/wp-content\/uploads\/2024\/05\/Sticker_1-01-1-430x428.png 430w, https:\/\/nordicceylon.fi\/wp-content\/uploads\/2024\/05\/Sticker_1-01-1-700x696.png 700w, https:\/\/nordicceylon.fi\/wp-content\/uploads\/2024\/05\/Sticker_1-01-1.png 1534w\" sizes=\"(max-width: 804px) 100vw, 804px\" \/>\t\t\t\t\t\t\t\t\t\t\t\t\t<\/div>\n\t\t\t\t<\/div>\n\t\t\t\t<\/div>\n\t\t<div class=\"elementor-element elementor-element-7650c86 e-con-full e-flex e-con e-child\" data-id=\"7650c86\" data-element_type=\"container\">\n\t\t\t\t<div class=\"elementor-element elementor-element-060a49b elementor-widget elementor-widget-image\" data-id=\"060a49b\" data-element_type=\"widget\" data-widget_type=\"image.default\">\n\t\t\t\t<div class=\"elementor-widget-container\">\n\t\t\t\t\t\t\t\t\t\t\t\t\t<img decoding=\"async\" width=\"681\" height=\"676\" src=\"https:\/\/nordicceylon.fi\/wp-content\/uploads\/2024\/05\/sddad-1.png\" class=\"attachment-large size-large wp-image-17091\" alt=\"\" srcset=\"https:\/\/nordicceylon.fi\/wp-content\/uploads\/2024\/05\/sddad-1.png 681w, https:\/\/nordicceylon.fi\/wp-content\/uploads\/2024\/05\/sddad-1-302x300.png 302w, https:\/\/nordicceylon.fi\/wp-content\/uploads\/2024\/05\/sddad-1-150x149.png 150w, https:\/\/nordicceylon.fi\/wp-content\/uploads\/2024\/05\/sddad-1-430x427.png 430w\" sizes=\"(max-width: 681px) 100vw, 681px\" \/>\t\t\t\t\t\t\t\t\t\t\t\t\t<\/div>\n\t\t\t\t<\/div>\n\t\t\t\t<\/div>\n\t\t<div class=\"elementor-element elementor-element-b161237 e-con-full e-flex e-con e-child\" data-id=\"b161237\" data-element_type=\"container\">\n\t\t\t\t<div class=\"elementor-element elementor-element-4ca0bd1 elementor-widget elementor-widget-image\" data-id=\"4ca0bd1\" data-element_type=\"widget\" data-widget_type=\"image.default\">\n\t\t\t\t<div class=\"elementor-widget-container\">\n\t\t\t\t\t\t\t\t\t\t\t\t\t<img loading=\"lazy\" decoding=\"async\" width=\"800\" height=\"800\" src=\"https:\/\/nordicceylon.fi\/wp-content\/uploads\/2024\/05\/logo-R2E-800x800.png\" class=\"attachment-large size-large wp-image-17059\" alt=\"\" srcset=\"https:\/\/nordicceylon.fi\/wp-content\/uploads\/2024\/05\/logo-R2E-800x800.png 800w, https:\/\/nordicceylon.fi\/wp-content\/uploads\/2024\/05\/logo-R2E-300x300.png 300w, https:\/\/nordicceylon.fi\/wp-content\/uploads\/2024\/05\/logo-R2E-150x150.png 150w, https:\/\/nordicceylon.fi\/wp-content\/uploads\/2024\/05\/logo-R2E-768x768.png 768w, https:\/\/nordicceylon.fi\/wp-content\/uploads\/2024\/05\/logo-R2E-860x860.png 860w, https:\/\/nordicceylon.fi\/wp-content\/uploads\/2024\/05\/logo-R2E-430x430.png 430w, https:\/\/nordicceylon.fi\/wp-content\/uploads\/2024\/05\/logo-R2E-700x700.png 700w, https:\/\/nordicceylon.fi\/wp-content\/uploads\/2024\/05\/logo-R2E.png 1500w\" sizes=\"(max-width: 800px) 100vw, 800px\" \/>\t\t\t\t\t\t\t\t\t\t\t\t\t<\/div>\n\t\t\t\t<\/div>\n\t\t\t\t<\/div>\n\t\t<div class=\"elementor-element elementor-element-447441e e-con-full e-flex e-con e-child\" data-id=\"447441e\" data-element_type=\"container\">\n\t\t\t\t<div class=\"elementor-element elementor-element-5b3db5c elementor-widget elementor-widget-image\" data-id=\"5b3db5c\" data-element_type=\"widget\" data-widget_type=\"image.default\">\n\t\t\t\t<div class=\"elementor-widget-container\">\n\t\t\t\t\t\t\t\t\t\t\t\t\t<img loading=\"lazy\" decoding=\"async\" width=\"358\" height=\"359\" src=\"https:\/\/nordicceylon.fi\/wp-content\/uploads\/2024\/05\/Sticker_2.png\" class=\"attachment-large size-large wp-image-17055\" alt=\"\" srcset=\"https:\/\/nordicceylon.fi\/wp-content\/uploads\/2024\/05\/Sticker_2.png 358w, https:\/\/nordicceylon.fi\/wp-content\/uploads\/2024\/05\/Sticker_2-299x300.png 299w, https:\/\/nordicceylon.fi\/wp-content\/uploads\/2024\/05\/Sticker_2-150x150.png 150w\" sizes=\"(max-width: 358px) 100vw, 358px\" \/>\t\t\t\t\t\t\t\t\t\t\t\t\t<\/div>\n\t\t\t\t<\/div>\n\t\t\t\t<\/div>\n\t\t<div class=\"elementor-element elementor-element-677682b e-con-full e-flex e-con e-child\" data-id=\"677682b\" data-element_type=\"container\">\n\t\t\t\t<div class=\"elementor-element elementor-element-7f3c58f elementor-widget elementor-widget-image\" data-id=\"7f3c58f\" data-element_type=\"widget\" data-widget_type=\"image.default\">\n\t\t\t\t<div class=\"elementor-widget-container\">\n\t\t\t\t\t\t\t\t\t\t\t\t\t<img loading=\"lazy\" decoding=\"async\" width=\"797\" height=\"800\" src=\"https:\/\/nordicceylon.fi\/wp-content\/uploads\/2024\/05\/LOGO_Color_PNG-797x800.png\" class=\"attachment-large size-large wp-image-17058\" alt=\"\" srcset=\"https:\/\/nordicceylon.fi\/wp-content\/uploads\/2024\/05\/LOGO_Color_PNG-797x800.png 797w, https:\/\/nordicceylon.fi\/wp-content\/uploads\/2024\/05\/LOGO_Color_PNG-299x300.png 299w, https:\/\/nordicceylon.fi\/wp-content\/uploads\/2024\/05\/LOGO_Color_PNG-150x151.png 150w, https:\/\/nordicceylon.fi\/wp-content\/uploads\/2024\/05\/LOGO_Color_PNG-768x771.png 768w, https:\/\/nordicceylon.fi\/wp-content\/uploads\/2024\/05\/LOGO_Color_PNG-860x863.png 860w, https:\/\/nordicceylon.fi\/wp-content\/uploads\/2024\/05\/LOGO_Color_PNG-430x432.png 430w, https:\/\/nordicceylon.fi\/wp-content\/uploads\/2024\/05\/LOGO_Color_PNG-700x702.png 700w, https:\/\/nordicceylon.fi\/wp-content\/uploads\/2024\/05\/LOGO_Color_PNG.png 1135w\" sizes=\"(max-width: 797px) 100vw, 797px\" \/>\t\t\t\t\t\t\t\t\t\t\t\t\t<\/div>\n\t\t\t\t<\/div>\n\t\t\t\t<\/div>\n\t\t\t\t<\/div>\n\t\t\t\t<\/div>","protected":false},"excerpt":{"rendered":"<p>Home About Us Nordic Ceylon was originally established in Helsinki, Finland in 2024 fulfilling a long-felt need for the Sri<\/p>","protected":false},"author":1,"featured_media":0,"parent":0,"menu_order":0,"comment_status":"closed","ping_status":"closed","template":"elementor_header_footer","meta":{"footnotes":""},"_links":{"self":[{"href":"https:\/\/nordicceylon.fi\/sv\/wp-json\/wp\/v2\/pages\/15692"}],"collection":[{"href":"https:\/\/nordicceylon.fi\/sv\/wp-json\/wp\/v2\/pages"}],"about":[{"href":"https:\/\/nordicceylon.fi\/sv\/wp-json\/wp\/v2\/types\/page"}],"author":[{"embeddable":true,"href":"https:\/\/nordicceylon.fi\/sv\/wp-json\/wp\/v2\/users\/1"}],"replies":[{"embeddable":true,"href":"https:\/\/nordicceylon.fi\/sv\/wp-json\/wp\/v2\/comments?post=15692"}],"version-history":[{"count":199,"href":"https:\/\/nordicceylon.fi\/sv\/wp-json\/wp\/v2\/pages\/15692\/revisions"}],"predecessor-version":[{"id":17111,"href":"https:\/\/nordicceylon.fi\/sv\/wp-json\/wp\/v2\/pages\/15692\/revisions\/17111"}],"wp:attachment":[{"href":"https:\/\/nordicceylon.fi\/sv\/wp-json\/wp\/v2\/media?parent=15692"}],"curies":[{"name":"wp","href":"https:\/\/api.w.org\/{rel}","templated":true}]}}