{"id":15872,"date":"2024-05-11T14:05:59","date_gmt":"2024-05-11T14:05:59","guid":{"rendered":"https:\/\/nordicceylon.fi\/?page_id=15872"},"modified":"2024-05-30T15:46:29","modified_gmt":"2024-05-30T15:46:29","slug":"ceylon-black-pepper","status":"publish","type":"page","link":"https:\/\/nordicceylon.fi\/fi\/ceylon-black-pepper\/","title":{"rendered":"Ceylonin mustapippuri"},"content":{"rendered":"<div data-elementor-type=\"wp-page\" data-elementor-id=\"15872\" class=\"elementor elementor-15872\" data-elementor-post-type=\"page\">\n\t\t\t\t<div class=\"elementor-element elementor-element-4751789 wd-section-stretch-content e-flex e-con-boxed e-con e-parent\" data-id=\"4751789\" data-element_type=\"container\" data-settings=\"{&quot;background_background&quot;:&quot;classic&quot;}\" data-core-v316-plus=\"true\">\n\t\t\t\t\t<div class=\"e-con-inner\">\n\t\t\t\t<div class=\"elementor-element elementor-element-a0bb459 elementor-icon-list--layout-inline elementor-list-item-link-full_width elementor-widget elementor-widget-icon-list\" data-id=\"a0bb459\" data-element_type=\"widget\" data-widget_type=\"icon-list.default\">\n\t\t\t\t<div class=\"elementor-widget-container\">\n\t\t\t<link rel=\"stylesheet\" href=\"https:\/\/nordicceylon.fi\/wp-content\/uploads\/elementor\/css\/custom-widget-icon-list.min.css?ver=1723284272\">\t\t<ul class=\"elementor-icon-list-items elementor-inline-items\">\n\t\t\t\t\t\t\t<li class=\"elementor-icon-list-item elementor-inline-item\">\n\t\t\t\t\t\t\t\t\t\t\t<span class=\"elementor-icon-list-icon\">\n\t\t\t\t\t\t\t<svg aria-hidden=\"true\" class=\"e-font-icon-svg e-fas-home\" viewbox=\"0 0 576 512\" xmlns=\"http:\/\/www.w3.org\/2000\/svg\"><path d=\"M280.37 148.26L96 300.11V464a16 16 0 0 0 16 16l112.06-.29a16 16 0 0 0 15.92-16V368a16 16 0 0 1 16-16h64a16 16 0 0 1 16 16v95.64a16 16 0 0 0 16 16.05L464 480a16 16 0 0 0 16-16V300L295.67 148.26a12.19 12.19 0 0 0-15.3 0zM571.6 251.47L488 182.56V44.05a12 12 0 0 0-12-12h-56a12 12 0 0 0-12 12v72.61L318.47 43a48 48 0 0 0-61 0L4.34 251.47a12 12 0 0 0-1.6 16.9l25.5 31A12 12 0 0 0 45.15 301l235.22-193.74a12.19 12.19 0 0 1 15.3 0L530.9 301a12 12 0 0 0 16.9-1.6l25.5-31a12 12 0 0 0-1.7-16.93z\"><\/path><\/svg>\t\t\t\t\t\t<\/span>\n\t\t\t\t\t\t\t\t\t\t<span class=\"elementor-icon-list-text\">Koti<\/span>\n\t\t\t\t\t\t\t\t\t<\/li>\n\t\t\t\t\t\t\t\t<li class=\"elementor-icon-list-item elementor-inline-item\">\n\t\t\t\t\t\t\t\t\t\t\t<span class=\"elementor-icon-list-icon\">\n\t\t\t\t\t\t\t<i aria-hidden=\"true\" class=\"icon icon-right-arrow1\"><\/i>\t\t\t\t\t\t<\/span>\n\t\t\t\t\t\t\t\t\t\t<span class=\"elementor-icon-list-text\"><\/span>\n\t\t\t\t\t\t\t\t\t<\/li>\n\t\t\t\t\t\t<\/ul>\n\t\t\t\t<\/div>\n\t\t\t\t<\/div>\n\t\t\t\t\t<\/div>\n\t\t\t\t<\/div>\n\t\t<div class=\"elementor-element elementor-element-e3c7128 e-con-full wd-section-stretch e-flex e-con e-parent\" data-id=\"e3c7128\" data-element_type=\"container\" data-core-v316-plus=\"true\">\n\t\t<div class=\"elementor-element elementor-element-489f108 e-con-full e-flex e-con e-child\" data-id=\"489f108\" data-element_type=\"container\" data-settings=\"{&quot;background_background&quot;:&quot;classic&quot;}\">\n\t\t\t\t<div class=\"elementor-element elementor-element-cea1df9 elementor-widget elementor-widget-image\" data-id=\"cea1df9\" data-element_type=\"widget\" data-widget_type=\"image.default\">\n\t\t\t\t<div class=\"elementor-widget-container\">\n\t\t\t<style>\/*! elementor - v3.20.0 - 26-03-2024 *\/\n.elementor-widget-image{text-align:center}.elementor-widget-image a{display:inline-block}.elementor-widget-image a img[src$=\".svg\"]{width:48px}.elementor-widget-image img{vertical-align:middle;display:inline-block}<\/style>\t\t\t\t\t\t\t\t\t\t<img fetchpriority=\"high\" decoding=\"async\" width=\"800\" height=\"800\" src=\"https:\/\/nordicceylon.fi\/wp-content\/uploads\/2024\/05\/8658-1-800x800.jpg\" class=\"attachment-large size-large wp-image-16660\" alt=\"\" srcset=\"https:\/\/nordicceylon.fi\/wp-content\/uploads\/2024\/05\/8658-1-800x800.jpg 800w, https:\/\/nordicceylon.fi\/wp-content\/uploads\/2024\/05\/8658-1-300x300.jpg 300w, https:\/\/nordicceylon.fi\/wp-content\/uploads\/2024\/05\/8658-1-150x150.jpg 150w, https:\/\/nordicceylon.fi\/wp-content\/uploads\/2024\/05\/8658-1-768x768.jpg 768w, https:\/\/nordicceylon.fi\/wp-content\/uploads\/2024\/05\/8658-1-1536x1536.jpg 1536w, https:\/\/nordicceylon.fi\/wp-content\/uploads\/2024\/05\/8658-1-860x860.jpg 860w, https:\/\/nordicceylon.fi\/wp-content\/uploads\/2024\/05\/8658-1-430x430.jpg 430w, https:\/\/nordicceylon.fi\/wp-content\/uploads\/2024\/05\/8658-1-700x700.jpg 700w, https:\/\/nordicceylon.fi\/wp-content\/uploads\/2024\/05\/8658-1.jpg 2000w\" sizes=\"(max-width: 800px) 100vw, 800px\" \/>\t\t\t\t\t\t\t\t\t\t\t\t\t<\/div>\n\t\t\t\t<\/div>\n\t\t\t\t<div class=\"elementor-element elementor-element-eee9b07 elementor-widget elementor-widget-image\" data-id=\"eee9b07\" data-element_type=\"widget\" data-widget_type=\"image.default\">\n\t\t\t\t<div class=\"elementor-widget-container\">\n\t\t\t\t\t\t\t\t\t\t\t\t\t<img decoding=\"async\" width=\"426\" height=\"489\" src=\"https:\/\/nordicceylon.fi\/wp-content\/uploads\/2024\/05\/dres-1.png\" class=\"attachment-large size-large wp-image-17135\" alt=\"\" srcset=\"https:\/\/nordicceylon.fi\/wp-content\/uploads\/2024\/05\/dres-1.png 426w, https:\/\/nordicceylon.fi\/wp-content\/uploads\/2024\/05\/dres-1-261x300.png 261w, https:\/\/nordicceylon.fi\/wp-content\/uploads\/2024\/05\/dres-1-150x172.png 150w\" sizes=\"(max-width: 426px) 100vw, 426px\" \/>\t\t\t\t\t\t\t\t\t\t\t\t\t<\/div>\n\t\t\t\t<\/div>\n\t\t\t\t<\/div>\n\t\t<div class=\"elementor-element elementor-element-b162c46 e-con-full e-flex e-con e-child\" data-id=\"b162c46\" data-element_type=\"container\">\n\t\t\t\t<div class=\"elementor-element elementor-element-0925a4e elementor-widget elementor-widget-heading\" data-id=\"0925a4e\" data-element_type=\"widget\" data-widget_type=\"heading.default\">\n\t\t\t\t<div class=\"elementor-widget-container\">\n\t\t\t<style>\/*! elementor - v3.20.0 - 26-03-2024 *\/\n.elementor-heading-title{padding:0;margin:0;line-height:1}.elementor-widget-heading .elementor-heading-title[class*=elementor-size-]>a{color:inherit;font-size:inherit;line-height:inherit}.elementor-widget-heading .elementor-heading-title.elementor-size-small{font-size:15px}.elementor-widget-heading .elementor-heading-title.elementor-size-medium{font-size:19px}.elementor-widget-heading .elementor-heading-title.elementor-size-large{font-size:29px}.elementor-widget-heading .elementor-heading-title.elementor-size-xl{font-size:39px}.elementor-widget-heading .elementor-heading-title.elementor-size-xxl{font-size:59px}<\/style><h2 class=\"elementor-heading-title elementor-size-default\"><span style=\"color: #F1592A;\">Ceylon <\/span>Mustapippuri<\/h2>\t\t<\/div>\n\t\t\t\t<\/div>\n\t\t\t\t<div class=\"elementor-element elementor-element-162ccf5 color-scheme-inherit text-left elementor-widget elementor-widget-text-editor\" data-id=\"162ccf5\" data-element_type=\"widget\" data-widget_type=\"text-editor.default\">\n\t\t\t\t<div class=\"elementor-widget-container\">\n\t\t\t<style>\/*! elementor - v3.20.0 - 26-03-2024 *\/\n.elementor-widget-text-editor.elementor-drop-cap-view-stacked .elementor-drop-cap{background-color:#69727d;color:#fff}.elementor-widget-text-editor.elementor-drop-cap-view-framed .elementor-drop-cap{color:#69727d;border:3px solid;background-color:transparent}.elementor-widget-text-editor:not(.elementor-drop-cap-view-default) .elementor-drop-cap{margin-top:8px}.elementor-widget-text-editor:not(.elementor-drop-cap-view-default) .elementor-drop-cap-letter{width:1em;height:1em}.elementor-widget-text-editor .elementor-drop-cap{float:left;text-align:center;line-height:1;font-size:50px}.elementor-widget-text-editor .elementor-drop-cap-letter{display:inline-block}<\/style>\t\t\t\t<p>Mustapippuri, maailman eniten kulutettu mauste, saadaan Piper nigrum -kasvin marjoista (tai 'kivimarjoista'). Sri Lanka tuottaa ja vie Ceylonin mustapippuria ymp\u00e4ri maailmaa.<\/p><p>Ceylon-pippuria suositaan erityisesti kansainv\u00e4lisill\u00e4 markkinoilla, koska se on melko rikas pippuriinialkaloidissa, joka antaa sille erottuvan pist\u00e4vyyden sen ter\u00e4vyydest\u00e4 johtuen. T\u00e4m\u00e4n seurauksena Sri Lankan Ceylon-pippuri myy korkeaan hintaan kansainv\u00e4lisill\u00e4 maustemarkkinoilla.<\/p><p>Sri Lankan mustapippurin maku on runsaan aromaattinen, kukkaisten ja sitruksisten vivahteiden kanssa, s\u00e4ilytt\u00e4en samalla voimakkaan pist\u00e4vyyden. Riippuen sadonkorjuun ajankohdasta ja j\u00e4lkik\u00e4sittelyprosessista, voi olla erilaisia pippureita: vihre\u00e4\u00e4 pippuria, mustaa pippuria, punaista pippuria ja valkoista. Mustapippurin, Piper nigrum -marjat korjataan, kun ne ovat vihreit\u00e4 ja hieman kypsym\u00e4tt\u00f6mi\u00e4, sitten ne blanssataan ja kuivataan auringossa. T\u00e4m\u00e4 tekee siit\u00e4 eritt\u00e4in rikkaan eteerisiss\u00e4 \u00f6ljyiss\u00e4. Musta v\u00e4ri johtuu kuivumisen aikana tapahtuvasta hapettumisesta.<\/p><p>Nyky\u00e4\u00e4n puhtaalla Sri Lankan alkuper\u00e4n pippurilla on valtava kysynt\u00e4 kansainv\u00e4lisesti, ja ostajat ovat innokkaampia l\u00f6yt\u00e4m\u00e4\u00e4n mausteita, jotka ovat per\u00e4isin tietyst\u00e4 \"terroirista\" aivan kuten viinit. Ceylon-pippuria vied\u00e4\u00e4n p\u00e4\u00e4asiassa Intiaan, Saksaan ja Yhdysvaltoihin, ja sen kysynt\u00e4 kasvaa Australiassa ja Kanadassa.<\/p>\t\t\t\t\t\t<\/div>\n\t\t\t\t<\/div>\n\t\t\t\t<\/div>\n\t\t\t\t<\/div>\n\t\t<div class=\"elementor-element elementor-element-8246bb9 e-con-full wd-section-stretch e-flex e-con e-parent\" data-id=\"8246bb9\" data-element_type=\"container\" data-core-v316-plus=\"true\">\n\t\t<div class=\"elementor-element elementor-element-1194b6e e-con-full e-flex e-con e-child\" data-id=\"1194b6e\" data-element_type=\"container\" data-settings=\"{&quot;background_background&quot;:&quot;classic&quot;}\">\n\t\t\t\t<div class=\"elementor-element elementor-element-0ab5513 elementor-widget elementor-widget-image\" data-id=\"0ab5513\" data-element_type=\"widget\" data-widget_type=\"image.default\">\n\t\t\t\t<div class=\"elementor-widget-container\">\n\t\t\t\t\t\t\t\t\t\t\t\t\t<img decoding=\"async\" width=\"1200\" height=\"800\" src=\"https:\/\/nordicceylon.fi\/wp-content\/uploads\/2024\/05\/216-1-1200x800.jpg\" class=\"attachment-large size-large wp-image-16661\" alt=\"\" srcset=\"https:\/\/nordicceylon.fi\/wp-content\/uploads\/2024\/05\/216-1-1200x800.jpg 1200w, https:\/\/nordicceylon.fi\/wp-content\/uploads\/2024\/05\/216-1-400x267.jpg 400w, https:\/\/nordicceylon.fi\/wp-content\/uploads\/2024\/05\/216-1-768x512.jpg 768w, https:\/\/nordicceylon.fi\/wp-content\/uploads\/2024\/05\/216-1-1536x1024.jpg 1536w, https:\/\/nordicceylon.fi\/wp-content\/uploads\/2024\/05\/216-1-860x573.jpg 860w, https:\/\/nordicceylon.fi\/wp-content\/uploads\/2024\/05\/216-1-430x287.jpg 430w, https:\/\/nordicceylon.fi\/wp-content\/uploads\/2024\/05\/216-1-700x467.jpg 700w, https:\/\/nordicceylon.fi\/wp-content\/uploads\/2024\/05\/216-1-150x100.jpg 150w, https:\/\/nordicceylon.fi\/wp-content\/uploads\/2024\/05\/216-1.jpg 2000w\" sizes=\"(max-width: 1200px) 100vw, 1200px\" \/>\t\t\t\t\t\t\t\t\t\t\t\t\t<\/div>\n\t\t\t\t<\/div>\n\t\t\t\t<div class=\"elementor-element elementor-element-9fb47db elementor-widget elementor-widget-image\" data-id=\"9fb47db\" data-element_type=\"widget\" data-widget_type=\"image.default\">\n\t\t\t\t<div class=\"elementor-widget-container\">\n\t\t\t\t\t\t\t\t\t\t\t\t\t<img decoding=\"async\" width=\"426\" height=\"489\" src=\"https:\/\/nordicceylon.fi\/wp-content\/uploads\/2024\/05\/dres-1.png\" class=\"attachment-large size-large wp-image-17135\" alt=\"\" srcset=\"https:\/\/nordicceylon.fi\/wp-content\/uploads\/2024\/05\/dres-1.png 426w, https:\/\/nordicceylon.fi\/wp-content\/uploads\/2024\/05\/dres-1-261x300.png 261w, https:\/\/nordicceylon.fi\/wp-content\/uploads\/2024\/05\/dres-1-150x172.png 150w\" sizes=\"(max-width: 426px) 100vw, 426px\" \/>\t\t\t\t\t\t\t\t\t\t\t\t\t<\/div>\n\t\t\t\t<\/div>\n\t\t\t\t<\/div>\n\t\t<div class=\"elementor-element elementor-element-3e74084 e-con-full e-flex e-con e-child\" data-id=\"3e74084\" data-element_type=\"container\">\n\t\t\t\t<div class=\"elementor-element elementor-element-00c4f06 elementor-widget elementor-widget-heading\" data-id=\"00c4f06\" data-element_type=\"widget\" data-widget_type=\"heading.default\">\n\t\t\t\t<div class=\"elementor-widget-container\">\n\t\t\t<h2 class=\"elementor-heading-title elementor-size-default\"><span style=\"color: #F1592A;\"> K\u00e4ytt\u00f6   <\/span>Mustapippuri <\/h2>\t\t<\/div>\n\t\t\t\t<\/div>\n\t\t\t\t<div class=\"elementor-element elementor-element-6249f6b color-scheme-inherit text-left elementor-widget elementor-widget-text-editor\" data-id=\"6249f6b\" data-element_type=\"widget\" data-widget_type=\"text-editor.default\">\n\t\t\t\t<div class=\"elementor-widget-container\">\n\t\t\t\t\t\t\t<p>Mustapippuri auttaa painonpudotuksessa tukahduttamalla ruokahalua ja est\u00e4m\u00e4ll\u00e4 rasvasolujen muodostumista. Fytoravinteiden l\u00e4sn\u00e4olo tukee t\u00e4t\u00e4 asiaa. Runsaasti antioksidantteja ja aktiivista ainetta pippuriinia* sis\u00e4lt\u00e4v\u00e4 mustapippuri aloittaa vapaita radikaaleja torjuvan toiminnan, joka auttaa kemopreventiossa ja hillitsee kasvaimen kasvua sek\u00e4 est\u00e4\u00e4 sy\u00f6p\u00e4solujen kasvua. Michiganin yliopiston tekem\u00e4n tutkimuksen mukaan. Solututkimuksissa pippuriinilla, luonnollisella kemikaalilla, jota l\u00f6ytyy pippurista, on havaittu olevan tulehdusta est\u00e4vi\u00e4, antioksidanttisia ja sy\u00f6p\u00e4\u00e4 torjuvia vaikutuksia.<\/p><p>Black pepper helps with weight loss by suppressing appetite and preventing the formation of fat cells. The presence of phytonutrients supports this matter. Black pepper, which contains a high amount of antioxidants and the active ingredient piperine*, initiates a free radical-fighting action that aids in chemoprevention, inhibits tumor growth, and prevents the growth of cancer cells. According to a study conducted by the University of Michigan. In cell studies, piperine, a natural chemical found in pepper, has been observed to have anti-inflammatory, antioxidant, and anti-cancer effects.<\/p><p>Mustapippuri on luonnollinen masennusl\u00e4\u00e4ke. Piperiini v\u00e4hent\u00e4\u00e4 oksidatiivisen stressin tasoja ja suojaa aivosoluja vaurioilta. Se my\u00f6s hillitsee monoamiinioksidaasin vapautumista, joka on vastuussa masennuksesta, samalla kun se edist\u00e4\u00e4 onnellisuushormonien, serotoniinin ja dopamiinin, vapautumista.<\/p><p>Piperiini v\u00e4hent\u00e4\u00e4 degeneratiivisten aivosairauksien, kuten Parkinsonin ja Alzheimerin taudin, riski\u00e4.\u00a0<\/p>\t\t\t\t\t\t<\/div>\n\t\t\t\t<\/div>\n\t\t\t\t<\/div>\n\t\t\t\t<\/div>\n\t\t<div class=\"elementor-element elementor-element-bee4128 e-con-full wd-section-stretch e-flex e-con e-parent\" data-id=\"bee4128\" data-element_type=\"container\" data-core-v316-plus=\"true\">\n\t\t<div class=\"elementor-element elementor-element-6730f90 e-con-full e-flex e-con e-child\" data-id=\"6730f90\" data-element_type=\"container\" data-settings=\"{&quot;background_background&quot;:&quot;classic&quot;}\">\n\t\t\t\t<div class=\"elementor-element elementor-element-dd0d860 elementor-widget elementor-widget-heading\" data-id=\"dd0d860\" data-element_type=\"widget\" data-widget_type=\"heading.default\">\n\t\t\t\t<div class=\"elementor-widget-container\">\n\t\t\t<h2 class=\"elementor-heading-title elementor-size-default\"><a href=\"https:\/\/nordicceylon.fi\/index.php\/ceylon-cinnamon\/\">Ceylonin kaneli<\/a><\/h2>\t\t<\/div>\n\t\t\t\t<\/div>\n\t\t\t\t<\/div>\n\t\t<div class=\"elementor-element elementor-element-10213d5 e-con-full e-flex e-con e-child\" data-id=\"10213d5\" data-element_type=\"container\" data-settings=\"{&quot;background_background&quot;:&quot;classic&quot;}\">\n\t\t\t\t<div class=\"elementor-element elementor-element-0367579 elementor-widget elementor-widget-heading\" data-id=\"0367579\" data-element_type=\"widget\" data-widget_type=\"heading.default\">\n\t\t\t\t<div class=\"elementor-widget-container\">\n\t\t\t<h2 class=\"elementor-heading-title elementor-size-default\"><a href=\"https:\/\/nordicceylon.fi\/index.php\/ceylon-tea\/\">Ceylonin tee<\/a><\/h2>\t\t<\/div>\n\t\t\t\t<\/div>\n\t\t\t\t<\/div>\n\t\t<div class=\"elementor-element elementor-element-21f4866 e-con-full e-flex e-con e-child\" data-id=\"21f4866\" data-element_type=\"container\" data-settings=\"{&quot;background_background&quot;:&quot;classic&quot;}\">\n\t\t\t\t<div class=\"elementor-element elementor-element-bbaa913 elementor-widget elementor-widget-heading\" data-id=\"bbaa913\" data-element_type=\"widget\" data-widget_type=\"heading.default\">\n\t\t\t\t<div class=\"elementor-widget-container\">\n\t\t\t<h2 class=\"elementor-heading-title elementor-size-default\"><a href=\"https:\/\/nordicceylon.fi\/index.php\/ceylon-black-pepper\/\">Ceylonin mustapippuri<\/a><\/h2>\t\t<\/div>\n\t\t\t\t<\/div>\n\t\t\t\t<\/div>\n\t\t\t\t<\/div>\n\t\t\t\t<\/div>","protected":false},"excerpt":{"rendered":"<p>Home Ceylon Black Pepper Black Pepper, the most consumed spice in the world, is taken from the berries (or from<\/p>","protected":false},"author":1,"featured_media":0,"parent":0,"menu_order":0,"comment_status":"closed","ping_status":"closed","template":"elementor_header_footer","meta":{"footnotes":""},"_links":{"self":[{"href":"https:\/\/nordicceylon.fi\/fi\/wp-json\/wp\/v2\/pages\/15872"}],"collection":[{"href":"https:\/\/nordicceylon.fi\/fi\/wp-json\/wp\/v2\/pages"}],"about":[{"href":"https:\/\/nordicceylon.fi\/fi\/wp-json\/wp\/v2\/types\/page"}],"author":[{"embeddable":true,"href":"https:\/\/nordicceylon.fi\/fi\/wp-json\/wp\/v2\/users\/1"}],"replies":[{"embeddable":true,"href":"https:\/\/nordicceylon.fi\/fi\/wp-json\/wp\/v2\/comments?post=15872"}],"version-history":[{"count":61,"href":"https:\/\/nordicceylon.fi\/fi\/wp-json\/wp\/v2\/pages\/15872\/revisions"}],"predecessor-version":[{"id":17144,"href":"https:\/\/nordicceylon.fi\/fi\/wp-json\/wp\/v2\/pages\/15872\/revisions\/17144"}],"wp:attachment":[{"href":"https:\/\/nordicceylon.fi\/fi\/wp-json\/wp\/v2\/media?parent=15872"}],"curies":[{"name":"wp","href":"https:\/\/api.w.org\/{rel}","templated":true}]}}