{"id":15692,"date":"2024-04-09T16:10:09","date_gmt":"2024-04-09T16:10:09","guid":{"rendered":"https:\/\/nordicceylon.fi\/?page_id=15692"},"modified":"2024-05-30T15:34:09","modified_gmt":"2024-05-30T15:34:09","slug":"about-us","status":"publish","type":"page","link":"https:\/\/nordicceylon.fi\/fi\/about-us\/","title":{"rendered":"Meist\u00e4"},"content":{"rendered":"<div data-elementor-type=\"wp-page\" data-elementor-id=\"15692\" class=\"elementor elementor-15692\" data-elementor-post-type=\"page\">\n\t\t\t\t<div class=\"elementor-element elementor-element-56135c0 wd-section-stretch-content e-flex e-con-boxed e-con e-parent\" data-id=\"56135c0\" data-element_type=\"container\" data-settings=\"{&quot;background_background&quot;:&quot;classic&quot;}\" data-core-v316-plus=\"true\">\n\t\t\t\t\t<div class=\"e-con-inner\">\n\t\t\t\t<div class=\"elementor-element elementor-element-6abe3c2 elementor-icon-list--layout-inline elementor-list-item-link-full_width elementor-widget elementor-widget-icon-list\" data-id=\"6abe3c2\" data-element_type=\"widget\" data-widget_type=\"icon-list.default\">\n\t\t\t\t<div class=\"elementor-widget-container\">\n\t\t\t<link rel=\"stylesheet\" href=\"https:\/\/nordicceylon.fi\/wp-content\/uploads\/elementor\/css\/custom-widget-icon-list.min.css?ver=1723284272\">\t\t<ul class=\"elementor-icon-list-items elementor-inline-items\">\n\t\t\t\t\t\t\t<li class=\"elementor-icon-list-item elementor-inline-item\">\n\t\t\t\t\t\t\t\t\t\t\t<span class=\"elementor-icon-list-icon\">\n\t\t\t\t\t\t\t<svg aria-hidden=\"true\" class=\"e-font-icon-svg e-fas-home\" viewbox=\"0 0 576 512\" xmlns=\"http:\/\/www.w3.org\/2000\/svg\"><path d=\"M280.37 148.26L96 300.11V464a16 16 0 0 0 16 16l112.06-.29a16 16 0 0 0 15.92-16V368a16 16 0 0 1 16-16h64a16 16 0 0 1 16 16v95.64a16 16 0 0 0 16 16.05L464 480a16 16 0 0 0 16-16V300L295.67 148.26a12.19 12.19 0 0 0-15.3 0zM571.6 251.47L488 182.56V44.05a12 12 0 0 0-12-12h-56a12 12 0 0 0-12 12v72.61L318.47 43a48 48 0 0 0-61 0L4.34 251.47a12 12 0 0 0-1.6 16.9l25.5 31A12 12 0 0 0 45.15 301l235.22-193.74a12.19 12.19 0 0 1 15.3 0L530.9 301a12 12 0 0 0 16.9-1.6l25.5-31a12 12 0 0 0-1.7-16.93z\"><\/path><\/svg>\t\t\t\t\t\t<\/span>\n\t\t\t\t\t\t\t\t\t\t<span class=\"elementor-icon-list-text\">Koti<\/span>\n\t\t\t\t\t\t\t\t\t<\/li>\n\t\t\t\t\t\t\t\t<li class=\"elementor-icon-list-item elementor-inline-item\">\n\t\t\t\t\t\t\t\t\t\t\t<span class=\"elementor-icon-list-icon\">\n\t\t\t\t\t\t\t<i aria-hidden=\"true\" class=\"icon icon-right-arrow1\"><\/i>\t\t\t\t\t\t<\/span>\n\t\t\t\t\t\t\t\t\t\t<span class=\"elementor-icon-list-text\"><\/span>\n\t\t\t\t\t\t\t\t\t<\/li>\n\t\t\t\t\t\t<\/ul>\n\t\t\t\t<\/div>\n\t\t\t\t<\/div>\n\t\t\t\t\t<\/div>\n\t\t\t\t<\/div>\n\t\t<div class=\"elementor-element elementor-element-f72a019 wd-section-stretch-content e-flex e-con-boxed e-con e-parent\" data-id=\"f72a019\" data-element_type=\"container\" data-core-v316-plus=\"true\">\n\t\t\t\t\t<div class=\"e-con-inner\">\n\t\t<div class=\"elementor-element elementor-element-f16064c e-con-full e-flex e-con e-child\" data-id=\"f16064c\" data-element_type=\"container\">\n\t\t\t\t<div class=\"elementor-element elementor-element-15ccbc2 elementor-widget elementor-widget-heading\" data-id=\"15ccbc2\" data-element_type=\"widget\" data-widget_type=\"heading.default\">\n\t\t\t\t<div class=\"elementor-widget-container\">\n\t\t\t<style>\/*! elementor - v3.20.0 - 26-03-2024 *\/\n.elementor-heading-title{padding:0;margin:0;line-height:1}.elementor-widget-heading .elementor-heading-title[class*=elementor-size-]>a{color:inherit;font-size:inherit;line-height:inherit}.elementor-widget-heading .elementor-heading-title.elementor-size-small{font-size:15px}.elementor-widget-heading .elementor-heading-title.elementor-size-medium{font-size:19px}.elementor-widget-heading .elementor-heading-title.elementor-size-large{font-size:29px}.elementor-widget-heading .elementor-heading-title.elementor-size-xl{font-size:39px}.elementor-widget-heading .elementor-heading-title.elementor-size-xxl{font-size:59px}<\/style><h2 class=\"elementor-heading-title elementor-size-default\">Meist\u00e4<\/h2>\t\t<\/div>\n\t\t\t\t<\/div>\n\t\t\t\t<div class=\"elementor-element elementor-element-ac24d8c elementor-widget__width-initial color-scheme-inherit text-left elementor-widget elementor-widget-text-editor\" data-id=\"ac24d8c\" data-element_type=\"widget\" data-widget_type=\"text-editor.default\">\n\t\t\t\t<div class=\"elementor-widget-container\">\n\t\t\t<style>\/*! elementor - v3.20.0 - 26-03-2024 *\/\n.elementor-widget-text-editor.elementor-drop-cap-view-stacked .elementor-drop-cap{background-color:#69727d;color:#fff}.elementor-widget-text-editor.elementor-drop-cap-view-framed .elementor-drop-cap{color:#69727d;border:3px solid;background-color:transparent}.elementor-widget-text-editor:not(.elementor-drop-cap-view-default) .elementor-drop-cap{margin-top:8px}.elementor-widget-text-editor:not(.elementor-drop-cap-view-default) .elementor-drop-cap-letter{width:1em;height:1em}.elementor-widget-text-editor .elementor-drop-cap{float:left;text-align:center;line-height:1;font-size:50px}.elementor-widget-text-editor .elementor-drop-cap-letter{display:inline-block}<\/style>\t\t\t\t<p>Nordic Ceylon perustettiin alun perin Helsingiss\u00e4, Suomessa vuonna 2024 t\u00e4ytt\u00e4m\u00e4\u00e4n pitk\u00e4\u00e4n tunnettua tarvetta Sri Lankan yhteis\u00f6lle Pohjoismaissa.<\/p><p>Visiomme on tulla Pohjoismaiden johtavaksi v\u00e4hitt\u00e4ismyyj\u00e4ksi, joka hankkii p\u00e4ivitt\u00e4istavaroita, ruokaa, mausteita, yrttej\u00e4 ja teet\u00e4 Sri Lankasta. Hankimme tuotteet erinomaisilta paikallisilta toimittajilta Sri Lankassa. Valitsemme kaikki tuotteet itse tarkistaaksemme tuotteen laadun ja ker\u00e4t\u00e4ksemme tietoa tulevista trendeist\u00e4. Tuotteemme vaihtelevat maailmanlaajuisesti tunnetusta Ceylonin teest\u00e4 Sri Lankan elintarvikkeisiin, Sri Lankan mausteisiin, chutneihin, suolakurkkuun ja valmiisiin aterioihin.<\/p><p>Sri Lankan keitti\u00f6 ei ole vain maukasta ja t\u00e4ynn\u00e4 hyvi\u00e4 aineksia, vaan se on juurtunut terveyteen ja hyvinvointiin.<\/p><p>Villiriisi, curry, mausteet, yrtit ja sambalit ovat ruokavalion kulmakivi\u00e4 ja tarjoavat laajan valikoiman ruokia, jotka sopivat kaikille makuille. Vaihtoehtoja on loputtomasti, kuten my\u00f6s k\u00e4yt\u00e4v\u00e4mme.<\/p><p>Nykyajan nopeatahtisessa maailmassa me Nordc Ceylonilla uskomme erinomaiseen asiakaspalveluun ja siihen, ett\u00e4 tarjoamme monenlaisia korkealaatuisia tuotteita edulliseen hintaan suoraan kotiovellesi.<\/p><p>Tarjoamme nopeaa toimitusta k\u00e4yt\u00e4nn\u00f6ss\u00e4 minne tahansa Suomessa sek\u00e4 Pohjoismaissa alennettuun hintaan Postin, Postnordin ja DPD:n kautta, sek\u00e4 henkil\u00f6kohtaista toimitusta Helsingin alueella.\u00a0<\/p>\t\t\t\t\t\t<\/div>\n\t\t\t\t<\/div>\n\t\t\t\t<\/div>\n\t\t<div class=\"elementor-element elementor-element-de38f15 e-con-full e-flex e-con e-child\" data-id=\"de38f15\" data-element_type=\"container\">\n\t\t\t\t<div class=\"elementor-element elementor-element-d04ceb7 elementor-widget elementor-widget-image\" data-id=\"d04ceb7\" data-element_type=\"widget\" data-widget_type=\"image.default\">\n\t\t\t\t<div class=\"elementor-widget-container\">\n\t\t\t<style>\/*! elementor - v3.20.0 - 26-03-2024 *\/\n.elementor-widget-image{text-align:center}.elementor-widget-image a{display:inline-block}.elementor-widget-image a img[src$=\".svg\"]{width:48px}.elementor-widget-image img{vertical-align:middle;display:inline-block}<\/style>\t\t\t\t\t\t\t\t\t\t<img fetchpriority=\"high\" decoding=\"async\" width=\"281\" height=\"548\" src=\"https:\/\/nordicceylon.fi\/wp-content\/uploads\/2024\/05\/RPJ_7905-removebg-preview.png\" class=\"attachment-large size-large wp-image-16572\" alt=\"\" srcset=\"https:\/\/nordicceylon.fi\/wp-content\/uploads\/2024\/05\/RPJ_7905-removebg-preview.png 281w, https:\/\/nordicceylon.fi\/wp-content\/uploads\/2024\/05\/RPJ_7905-removebg-preview-154x300.png 154w, https:\/\/nordicceylon.fi\/wp-content\/uploads\/2024\/05\/RPJ_7905-removebg-preview-150x293.png 150w\" sizes=\"(max-width: 281px) 100vw, 281px\" \/>\t\t\t\t\t\t\t\t\t\t\t\t\t<\/div>\n\t\t\t\t<\/div>\n\t\t\t\t<\/div>\n\t\t\t\t\t<\/div>\n\t\t\t\t<\/div>\n\t\t<div class=\"elementor-element elementor-element-e7c42a7 e-con-full wd-section-stretch e-flex e-con e-parent\" data-id=\"e7c42a7\" data-element_type=\"container\" data-core-v316-plus=\"true\">\n\t\t<div class=\"elementor-element elementor-element-a14e47c e-con-full e-flex e-con e-child\" data-id=\"a14e47c\" data-element_type=\"container\">\n\t\t\t\t<div class=\"elementor-element elementor-element-5121c04 elementor-widget elementor-widget-image\" data-id=\"5121c04\" data-element_type=\"widget\" data-widget_type=\"image.default\">\n\t\t\t\t<div class=\"elementor-widget-container\">\n\t\t\t\t\t\t\t\t\t\t\t\t\t<img decoding=\"async\" width=\"804\" height=\"800\" src=\"https:\/\/nordicceylon.fi\/wp-content\/uploads\/2024\/05\/Sticker_1-01-1-804x800.png\" class=\"attachment-large size-large wp-image-17095\" alt=\"\" srcset=\"https:\/\/nordicceylon.fi\/wp-content\/uploads\/2024\/05\/Sticker_1-01-1-804x800.png 804w, https:\/\/nordicceylon.fi\/wp-content\/uploads\/2024\/05\/Sticker_1-01-1-302x300.png 302w, https:\/\/nordicceylon.fi\/wp-content\/uploads\/2024\/05\/Sticker_1-01-1-150x149.png 150w, https:\/\/nordicceylon.fi\/wp-content\/uploads\/2024\/05\/Sticker_1-01-1-768x764.png 768w, https:\/\/nordicceylon.fi\/wp-content\/uploads\/2024\/05\/Sticker_1-01-1-860x856.png 860w, https:\/\/nordicceylon.fi\/wp-content\/uploads\/2024\/05\/Sticker_1-01-1-430x428.png 430w, https:\/\/nordicceylon.fi\/wp-content\/uploads\/2024\/05\/Sticker_1-01-1-700x696.png 700w, https:\/\/nordicceylon.fi\/wp-content\/uploads\/2024\/05\/Sticker_1-01-1.png 1534w\" sizes=\"(max-width: 804px) 100vw, 804px\" \/>\t\t\t\t\t\t\t\t\t\t\t\t\t<\/div>\n\t\t\t\t<\/div>\n\t\t\t\t<\/div>\n\t\t<div class=\"elementor-element elementor-element-7650c86 e-con-full e-flex e-con e-child\" data-id=\"7650c86\" data-element_type=\"container\">\n\t\t\t\t<div class=\"elementor-element elementor-element-060a49b elementor-widget elementor-widget-image\" data-id=\"060a49b\" data-element_type=\"widget\" data-widget_type=\"image.default\">\n\t\t\t\t<div class=\"elementor-widget-container\">\n\t\t\t\t\t\t\t\t\t\t\t\t\t<img decoding=\"async\" width=\"681\" height=\"676\" src=\"https:\/\/nordicceylon.fi\/wp-content\/uploads\/2024\/05\/sddad-1.png\" class=\"attachment-large size-large wp-image-17091\" alt=\"\" srcset=\"https:\/\/nordicceylon.fi\/wp-content\/uploads\/2024\/05\/sddad-1.png 681w, https:\/\/nordicceylon.fi\/wp-content\/uploads\/2024\/05\/sddad-1-302x300.png 302w, https:\/\/nordicceylon.fi\/wp-content\/uploads\/2024\/05\/sddad-1-150x149.png 150w, https:\/\/nordicceylon.fi\/wp-content\/uploads\/2024\/05\/sddad-1-430x427.png 430w\" sizes=\"(max-width: 681px) 100vw, 681px\" \/>\t\t\t\t\t\t\t\t\t\t\t\t\t<\/div>\n\t\t\t\t<\/div>\n\t\t\t\t<\/div>\n\t\t<div class=\"elementor-element elementor-element-b161237 e-con-full e-flex e-con e-child\" data-id=\"b161237\" data-element_type=\"container\">\n\t\t\t\t<div class=\"elementor-element elementor-element-4ca0bd1 elementor-widget elementor-widget-image\" data-id=\"4ca0bd1\" data-element_type=\"widget\" data-widget_type=\"image.default\">\n\t\t\t\t<div class=\"elementor-widget-container\">\n\t\t\t\t\t\t\t\t\t\t\t\t\t<img loading=\"lazy\" decoding=\"async\" width=\"800\" height=\"800\" src=\"https:\/\/nordicceylon.fi\/wp-content\/uploads\/2024\/05\/logo-R2E-800x800.png\" class=\"attachment-large size-large wp-image-17059\" alt=\"\" srcset=\"https:\/\/nordicceylon.fi\/wp-content\/uploads\/2024\/05\/logo-R2E-800x800.png 800w, https:\/\/nordicceylon.fi\/wp-content\/uploads\/2024\/05\/logo-R2E-300x300.png 300w, https:\/\/nordicceylon.fi\/wp-content\/uploads\/2024\/05\/logo-R2E-150x150.png 150w, https:\/\/nordicceylon.fi\/wp-content\/uploads\/2024\/05\/logo-R2E-768x768.png 768w, https:\/\/nordicceylon.fi\/wp-content\/uploads\/2024\/05\/logo-R2E-860x860.png 860w, https:\/\/nordicceylon.fi\/wp-content\/uploads\/2024\/05\/logo-R2E-430x430.png 430w, https:\/\/nordicceylon.fi\/wp-content\/uploads\/2024\/05\/logo-R2E-700x700.png 700w, https:\/\/nordicceylon.fi\/wp-content\/uploads\/2024\/05\/logo-R2E.png 1500w\" sizes=\"(max-width: 800px) 100vw, 800px\" \/>\t\t\t\t\t\t\t\t\t\t\t\t\t<\/div>\n\t\t\t\t<\/div>\n\t\t\t\t<\/div>\n\t\t<div class=\"elementor-element elementor-element-447441e e-con-full e-flex e-con e-child\" data-id=\"447441e\" data-element_type=\"container\">\n\t\t\t\t<div class=\"elementor-element elementor-element-5b3db5c elementor-widget elementor-widget-image\" data-id=\"5b3db5c\" data-element_type=\"widget\" data-widget_type=\"image.default\">\n\t\t\t\t<div class=\"elementor-widget-container\">\n\t\t\t\t\t\t\t\t\t\t\t\t\t<img loading=\"lazy\" decoding=\"async\" width=\"358\" height=\"359\" src=\"https:\/\/nordicceylon.fi\/wp-content\/uploads\/2024\/05\/Sticker_2.png\" class=\"attachment-large size-large wp-image-17055\" alt=\"\" srcset=\"https:\/\/nordicceylon.fi\/wp-content\/uploads\/2024\/05\/Sticker_2.png 358w, https:\/\/nordicceylon.fi\/wp-content\/uploads\/2024\/05\/Sticker_2-299x300.png 299w, https:\/\/nordicceylon.fi\/wp-content\/uploads\/2024\/05\/Sticker_2-150x150.png 150w\" sizes=\"(max-width: 358px) 100vw, 358px\" \/>\t\t\t\t\t\t\t\t\t\t\t\t\t<\/div>\n\t\t\t\t<\/div>\n\t\t\t\t<\/div>\n\t\t<div class=\"elementor-element elementor-element-677682b e-con-full e-flex e-con e-child\" data-id=\"677682b\" data-element_type=\"container\">\n\t\t\t\t<div class=\"elementor-element elementor-element-7f3c58f elementor-widget elementor-widget-image\" data-id=\"7f3c58f\" data-element_type=\"widget\" data-widget_type=\"image.default\">\n\t\t\t\t<div class=\"elementor-widget-container\">\n\t\t\t\t\t\t\t\t\t\t\t\t\t<img loading=\"lazy\" decoding=\"async\" width=\"797\" height=\"800\" src=\"https:\/\/nordicceylon.fi\/wp-content\/uploads\/2024\/05\/LOGO_Color_PNG-797x800.png\" class=\"attachment-large size-large wp-image-17058\" alt=\"\" srcset=\"https:\/\/nordicceylon.fi\/wp-content\/uploads\/2024\/05\/LOGO_Color_PNG-797x800.png 797w, https:\/\/nordicceylon.fi\/wp-content\/uploads\/2024\/05\/LOGO_Color_PNG-299x300.png 299w, https:\/\/nordicceylon.fi\/wp-content\/uploads\/2024\/05\/LOGO_Color_PNG-150x151.png 150w, https:\/\/nordicceylon.fi\/wp-content\/uploads\/2024\/05\/LOGO_Color_PNG-768x771.png 768w, https:\/\/nordicceylon.fi\/wp-content\/uploads\/2024\/05\/LOGO_Color_PNG-860x863.png 860w, https:\/\/nordicceylon.fi\/wp-content\/uploads\/2024\/05\/LOGO_Color_PNG-430x432.png 430w, https:\/\/nordicceylon.fi\/wp-content\/uploads\/2024\/05\/LOGO_Color_PNG-700x702.png 700w, https:\/\/nordicceylon.fi\/wp-content\/uploads\/2024\/05\/LOGO_Color_PNG.png 1135w\" sizes=\"(max-width: 797px) 100vw, 797px\" \/>\t\t\t\t\t\t\t\t\t\t\t\t\t<\/div>\n\t\t\t\t<\/div>\n\t\t\t\t<\/div>\n\t\t\t\t<\/div>\n\t\t\t\t<\/div>","protected":false},"excerpt":{"rendered":"<p>Home About Us Nordic Ceylon was originally established in Helsinki, Finland in 2024 fulfilling a long-felt need for the Sri<\/p>","protected":false},"author":1,"featured_media":0,"parent":0,"menu_order":0,"comment_status":"closed","ping_status":"closed","template":"elementor_header_footer","meta":{"footnotes":""},"_links":{"self":[{"href":"https:\/\/nordicceylon.fi\/fi\/wp-json\/wp\/v2\/pages\/15692"}],"collection":[{"href":"https:\/\/nordicceylon.fi\/fi\/wp-json\/wp\/v2\/pages"}],"about":[{"href":"https:\/\/nordicceylon.fi\/fi\/wp-json\/wp\/v2\/types\/page"}],"author":[{"embeddable":true,"href":"https:\/\/nordicceylon.fi\/fi\/wp-json\/wp\/v2\/users\/1"}],"replies":[{"embeddable":true,"href":"https:\/\/nordicceylon.fi\/fi\/wp-json\/wp\/v2\/comments?post=15692"}],"version-history":[{"count":199,"href":"https:\/\/nordicceylon.fi\/fi\/wp-json\/wp\/v2\/pages\/15692\/revisions"}],"predecessor-version":[{"id":17111,"href":"https:\/\/nordicceylon.fi\/fi\/wp-json\/wp\/v2\/pages\/15692\/revisions\/17111"}],"wp:attachment":[{"href":"https:\/\/nordicceylon.fi\/fi\/wp-json\/wp\/v2\/media?parent=15692"}],"curies":[{"name":"wp","href":"https:\/\/api.w.org\/{rel}","templated":true}]}}